{"id":8726,"date":"2020-09-02T09:23:08","date_gmt":"2020-09-02T07:23:08","guid":{"rendered":"https:\/\/sineldent.com\/faqs\/"},"modified":"2020-12-11T10:31:01","modified_gmt":"2020-12-11T09:31:01","slug":"faqs","status":"publish","type":"page","link":"https:\/\/sineldent.com\/pt-pt\/faqs\/","title":{"rendered":"FaQs"},"content":{"rendered":"[vc_row foundry_padding=&#8221;pt0 pb0&#8243; foundry_parallax=&#8221;not-parallax&#8221; css=&#8221;.vc_custom_1549385779721{padding-top: 50px !important;padding-bottom: 30px !important;background-image: url(https:\/\/sineldent.com\/wp-content\/uploads\/2018\/01\/Fondo_GRIS.png?id=1058) !important;background-position: center !important;background-repeat: no-repeat !important;background-size: cover !important;}&#8221; el_class=&#8221;degradado-sineldent&#8221;][vc_column][vc_column_text el_class=&#8221;cabecera-sineldent&#8221;]\n<h1>\u00bfAlguma d\u00favida?<\/h1>\n[\/vc_column_text][\/vc_column][\/vc_row][vc_row foundry_padding=&#8221;pt64 pb64&#8243;][vc_column][vc_toggle title=&#8221;Que cursos s\u00e3o ministrados nos diferentes Training Centers?&#8221; el_class=&#8221;preguntas_toggle&#8221;]Nos nossos Training Centers em Ourense e Madrid oferecemos forma\u00e7\u00e3o em sala de aula em Exocad em dois n\u00edveis, <strong>b\u00e1sico e avan\u00e7ado<\/strong>, enquanto que no nosso Training Center em Barcelona realizamos a\u00e7\u00f5es de forma\u00e7\u00e3o personalizadas de acordo com as suas necessidades.<\/p>\n<div class=\"contacto-faqs\">\n<p><a class=\"btn\" href=\"mailto:atencionalcliente@sineldent.com\"><i class=\"vc_btn3-icon fa fa-envelope-o\"><\/i> Contatar v\u00eda email<\/a> <a class=\"btn\" href=\"tel:+34910010287\"><i class=\"vc_btn3-icon fa fa-phone\"><\/i> Contatar v\u00eda telef\u00f3nica<\/a><\/p>\n<\/div>\n[\/vc_toggle][vc_toggle title=&#8221;Como me posso inscrever num curso?&#8221;]\n<p style=\"text-align: left;\">Pode inscrever-se nos nossos cursos, enviando um e-mail para <a href=\"mailto:atencionalcliente@sineldent.com\" target=\"_blank\" rel=\"noopener noreferrer\"><span lang=\"PT\">atencionalcliente@sineldent.com<\/span><\/a>\u00a0ou atrav\u00e9s<br \/>\ndo telefone ligando para 91 001 02 87.<\/p>\n<div class=\"contacto-faqs\">\n<p><a class=\"btn\" href=\"mailto:atencionalcliente@sineldent.com\"><i class=\"vc_btn3-icon fa fa-envelope-o\"><\/i> Contatar v\u00eda email<\/a> <a class=\"btn\" href=\"tel:+34910010287\"><i class=\"vc_btn3-icon fa fa-phone\"><\/i> Contatar v\u00eda telef\u00f3nica<\/a><\/p>\n<\/div>\n[\/vc_toggle][vc_toggle title=&#8221;Posso dar uma forma\u00e7\u00e3o num dos Training Centers da SINELDENT\u00ae&#xfe0f;?&#8221; el_class=&#8221;preguntas_toggle&#8221;]\n<p style=\"text-align: left;\">Sim! No nosso Espa\u00e7o Formadores poder\u00e1 dar cursos de forma\u00e7\u00e3o de interese para o setor prot\u00e9tico dent\u00e1rio no Training Center da sua escolha.\u00a0<span lang=\"PT\">Envie-nos a sua proposta de forma\u00e7\u00e3o atrav\u00e9s <a href=\"https:\/\/sineldent.com\/pt-pt\/espacio-formadores\/\">desde formulario<\/a><\/span><\/p>\n<div class=\"contacto-faqs\">\n<p><a class=\"btn\" href=\"mailto:atencionalcliente@sineldent.com\"><i class=\"vc_btn3-icon fa fa-envelope-o\"><\/i> Contatar v\u00eda email<\/a> <a class=\"btn\" href=\"tel:+34910010287\"><i class=\"vc_btn3-icon fa fa-phone\"><\/i> Contatar v\u00eda telef\u00f3nica<\/a><\/p>\n<\/div>\n[\/vc_toggle][vc_toggle title=&#8221;Que material preciso de levar para a forma\u00e7\u00e3o?&#8221;]N\u00e3o \u00e9 necess\u00e1rio trazer qualquer material, uma vez que nos nossos Training Centers iremos fornecer-lhe tudo o que necessita para realizar a forma\u00e7\u00e3o.<\/p>\n<div class=\"contacto-faqs\">\n<p><a class=\"btn\" href=\"mailto:atencionalcliente@sineldent.com\"><i class=\"vc_btn3-icon fa fa-envelope-o\"><\/i> Contatar v\u00eda email<\/a> <a class=\"btn\" href=\"tel:+34910010287\"><i class=\"vc_btn3-icon fa fa-phone\"><\/i> Contatar v\u00eda telef\u00f3nica<\/a><\/p>\n<\/div>\n[\/vc_toggle][vc_toggle title=&#8221;Como sei se estou pronto\/a para participar num dos cursos de forma\u00e7\u00e3o da SINELDENT\u00ae?&#8221;]A nossa equipa de peritos em forma\u00e7\u00e3o ter\u00e1 todo o prazer em avaliar o seu n\u00edvel a fim de lhe ofrecer a forma\u00e7\u00e3o que melhor lhe convier. Envie-nos um e-mail para <a class=\"PrimaryLink BaseLink\" href=\"mailto:atencionalcliente@sineldent.com\" target=\"_blank\" rel=\"noreferrer noopener\">atencionalcliente@sineldent.com<\/a>\u00a0ou ligue-nos para o n\u00famero 91 001 02 87 e n\u00f3s ajud\u00e1-lo-emos<\/p>\n<div class=\"contacto-faqs\">\n<p><a class=\"btn\" href=\"mailto:atencionalcliente@sineldent.com\"><i class=\"vc_btn3-icon fa fa-envelope-o\"><\/i> Contatar v\u00eda email<\/a> <a class=\"btn\" href=\"tel:+34910010287\"><i class=\"vc_btn3-icon fa fa-phone\"><\/i> Contatar v\u00eda telef\u00f3nica<\/a><\/p>\n<\/div>\n[\/vc_toggle][\/vc_column][\/vc_row][vc_row foundry_background_style=&#8221;bg-secondary&#8221; foundry_padding=&#8221;pt64 pb64&#8243;][vc_column width=&#8221;1\/2&#8243;][vc_column_text]\n<h2 class=\"mb32\">Entre em contato connosco<\/h2>\n<p>Se quiser entrar em contato connosco pode enviar o formul\u00e1rio anexo ou escrever-nos atrav\u00e9s de e-mail para <a href=\"mailto:atencionalcliente@sineldent.com\">atencionalcliente@sineldent.com<\/a> ou telef\u00f3nicamente no\u00a0<a href=\"tel:910010287\">910 010 287<\/a><\/p>\n<p><a class=\"btn\" href=\"https:\/\/sineldent.com\/pt-pt\/contacto-2__trashed\/\">Contato<\/a>[\/vc_column_text][\/vc_column][vc_column width=&#8221;5\/12&#8243; el_class=&#8221;bloque-formulario&#8221; offset=&#8221;vc_col-lg-offset-1&#8243;]\n<div class=\"wpcf7 no-js\" id=\"wpcf7-f1786-o1\" lang=\"es-ES\" dir=\"ltr\" data-wpcf7-id=\"1786\">\n<div class=\"screen-reader-response\"><p role=\"status\" aria-live=\"polite\" aria-atomic=\"true\"><\/p> <ul><\/ul><\/div>\n<form action=\"\/pt-pt\/wp-json\/wp\/v2\/pages\/8726#wpcf7-f1786-o1\" method=\"post\" class=\"wpcf7-form init\" aria-label=\"Formulario de contacto\" novalidate=\"novalidate\" data-status=\"init\">\n<fieldset class=\"hidden-fields-container\"><input type=\"hidden\" name=\"_wpcf7\" value=\"1786\" \/><input type=\"hidden\" name=\"_wpcf7_version\" value=\"6.1.5\" \/><input type=\"hidden\" name=\"_wpcf7_locale\" value=\"es_ES\" \/><input type=\"hidden\" name=\"_wpcf7_unit_tag\" value=\"wpcf7-f1786-o1\" \/><input type=\"hidden\" name=\"_wpcf7_container_post\" value=\"0\" \/><input type=\"hidden\" name=\"_wpcf7_posted_data_hash\" value=\"\" \/><input type=\"hidden\" name=\"_wpcf7_recaptcha_response\" value=\"\" \/>\n<\/fieldset>\n<p><label> Nombre Completo* <span class=\"wpcf7-form-control-wrap\" data-name=\"your-name\"><input size=\"40\" maxlength=\"400\" class=\"wpcf7-form-control wpcf7-text wpcf7-validates-as-required\" aria-required=\"true\" aria-invalid=\"false\" placeholder=\"Nombre Completo\" value=\"\" type=\"text\" name=\"your-name\" \/><\/span> <\/label>\n<\/p>\n<p><label> E-mail* <span class=\"wpcf7-form-control-wrap\" data-name=\"your-email\"><input size=\"40\" maxlength=\"400\" class=\"wpcf7-form-control wpcf7-email wpcf7-validates-as-required wpcf7-text wpcf7-validates-as-email\" aria-required=\"true\" aria-invalid=\"false\" placeholder=\"E-mail\" value=\"\" type=\"email\" name=\"your-email\" \/><\/span> <\/label>\n<\/p>\n<p><label> Tel\u00e9fono* <span class=\"wpcf7-form-control-wrap\" data-name=\"your-phone\"><input size=\"40\" maxlength=\"400\" class=\"wpcf7-form-control wpcf7-tel wpcf7-validates-as-required wpcf7-text wpcf7-validates-as-tel\" aria-required=\"true\" aria-invalid=\"false\" placeholder=\"Tel\u00e9fono\" value=\"\" type=\"tel\" name=\"your-phone\" \/><\/span> <\/label>\n<\/p>\n<p><label> Asunto <span class=\"wpcf7-form-control-wrap\" data-name=\"your-subject\"><input size=\"40\" maxlength=\"400\" class=\"wpcf7-form-control wpcf7-text\" aria-invalid=\"false\" placeholder=\"Asunto\" value=\"\" type=\"text\" name=\"your-subject\" \/><\/span> <\/label>\n<\/p>\n<p><label> Mensaje <span class=\"wpcf7-form-control-wrap\" data-name=\"your-message\"><textarea cols=\"40\" rows=\"10\" maxlength=\"2000\" class=\"wpcf7-form-control wpcf7-textarea\" aria-invalid=\"false\" placeholder=\"Escribe aqu\u00ed\" name=\"your-message\"><\/textarea><\/span> <\/label>\n<\/p>\n<div style=\"margin-bottom:15px;\">\n\t<p><span class=\"wpcf7-form-control-wrap\" data-name=\"aceptacion-ley-de-proteccion\"><span class=\"wpcf7-form-control wpcf7-acceptance\"><span class=\"wpcf7-list-item\"><input type=\"checkbox\" name=\"aceptacion-ley-de-proteccion\" value=\"1\" aria-invalid=\"false\" \/><\/span><\/span><\/span>Estoy de acuerdo y acepto la <a target=\"popup\" href=\"\/consentimiento-contacto\">Pol\u00edtica de privacidad<\/a>.\n\t<\/p>\n<\/div>\n<div style=\"margin-bottom:15px;\">\n\t<p><input class=\"wpcf7-form-control wpcf7-submit has-spinner\" type=\"submit\" value=\"Enviar\" \/>\n\t<\/p>\n<\/div>\n<p>Este sitio est\u00e1 protegido por reCAPTCHA y se aplica la <a target=\"_blank\" href=\"https:\/\/www.google.com\/intl\/es\/policies\/privacy\/\">Pol\u00edtica de privacidad<\/a> y los <a target=\"_blank\" href=\"https:\/\/www.google.com\/intl\/es\/policies\/terms\/\">T\u00e9rminos de servicio<\/a> de Google.\n<\/p><div class=\"wpcf7-response-output\" aria-hidden=\"true\"><\/div>\n<\/form>\n<\/div>\n[\/vc_column][\/vc_row]\n","protected":false},"excerpt":{"rendered":"<p>[vc_row foundry_padding=&#8221;pt0 pb0&#8243; foundry_parallax=&#8221;not-parallax&#8221; css=&#8221;.vc_custom_1549385779721{padding-top: 50px !important;padding-bottom: 30px !important;background-image: url(https:\/\/sineldent.com\/wp-content\/uploads\/2018\/01\/Fondo_GRIS.png?id=1058) !important;background-position: center !important;background-repeat: no-repeat !important;background-size: cover !important;}&#8221; el_class=&#8221;degradado-sineldent&#8221;][vc_column][vc_column_text el_class=&#8221;cabecera-sineldent&#8221;] \u00bfAlguma d\u00favida?&#8230;<\/p>\n","protected":false},"author":1,"featured_media":0,"parent":0,"menu_order":0,"comment_status":"closed","ping_status":"closed","template":"","meta":{"_mc_calendar":[],"footnotes":"","_links_to":"","_links_to_target":""},"class_list":["post-8726","page","type-page","status-publish","hentry"],"yoast_head":"<!-- This site is optimized with the Yoast SEO plugin v21.7 - https:\/\/yoast.com\/wordpress\/plugins\/seo\/ -->\n<title>SINELDENT\u00ae | FAQs<\/title>\n<meta name=\"description\" content=\"Consulte nossa se\u00e7\u00e3o de Perguntas Frequentes para todas as d\u00favidas que voc\u00ea tem sobre o SINELDENT. Entre aqui para mais informa\u00e7\u00f5es.\" \/>\n<meta name=\"robots\" content=\"index, follow, max-snippet:-1, max-image-preview:large, max-video-preview:-1\" \/>\n<link rel=\"canonical\" href=\"https:\/\/sineldent.com\/pt-pt\/faqs\/\" \/>\n<meta property=\"og:locale\" content=\"pt_PT\" \/>\n<meta property=\"og:type\" content=\"article\" \/>\n<meta property=\"og:title\" content=\"SINELDENT\u00ae | FAQs\" \/>\n<meta property=\"og:description\" content=\"Consulte nossa se\u00e7\u00e3o de Perguntas Frequentes para todas as d\u00favidas que voc\u00ea tem sobre o SINELDENT. Entre aqui para mais informa\u00e7\u00f5es.\" \/>\n<meta property=\"og:url\" content=\"https:\/\/sineldent.com\/pt-pt\/faqs\/\" \/>\n<meta property=\"og:site_name\" content=\"SINELDENT\u00ae\" \/>\n<meta property=\"article:publisher\" content=\"https:\/\/www.facebook.com\/sineldent\/\" \/>\n<meta property=\"article:modified_time\" content=\"2020-12-11T09:31:01+00:00\" \/>\n<meta property=\"og:image\" content=\"https:\/\/sineldent.com\/wp-content\/uploads\/2020\/10\/logo-_fb.png\" \/>\n\t<meta property=\"og:image:width\" content=\"1201\" \/>\n\t<meta property=\"og:image:height\" content=\"631\" \/>\n\t<meta property=\"og:image:type\" content=\"image\/png\" \/>\n<meta name=\"twitter:card\" content=\"summary_large_image\" \/>\n<meta name=\"twitter:title\" content=\"SINELDENT\u00ae | FAQs\" \/>\n<meta name=\"twitter:description\" content=\"Consulte nossa se\u00e7\u00e3o de Perguntas Frequentes para todas as d\u00favidas que voc\u00ea tem sobre o SINELDENT. Entre aqui para mais informa\u00e7\u00f5es.\" \/>\n<meta name=\"twitter:image\" content=\"https:\/\/sineldent.com\/wp-content\/uploads\/2020\/10\/logo_tw.png\" \/>\n<meta name=\"twitter:label1\" content=\"Tempo estimado de leitura\" \/>\n\t<meta name=\"twitter:data1\" content=\"2 minutos\" \/>\n<script type=\"application\/ld+json\" class=\"yoast-schema-graph\">{\"@context\":\"https:\/\/schema.org\",\"@graph\":[{\"@type\":\"WebPage\",\"@id\":\"https:\/\/sineldent.com\/pt-pt\/faqs\/\",\"url\":\"https:\/\/sineldent.com\/pt-pt\/faqs\/\",\"name\":\"SINELDENT\u00ae | FAQs\",\"isPartOf\":{\"@id\":\"https:\/\/sineldent.com\/#website\"},\"datePublished\":\"2020-09-02T07:23:08+00:00\",\"dateModified\":\"2020-12-11T09:31:01+00:00\",\"description\":\"Consulte nossa se\u00e7\u00e3o de Perguntas Frequentes para todas as d\u00favidas que voc\u00ea tem sobre o SINELDENT. Entre aqui para mais informa\u00e7\u00f5es.\",\"breadcrumb\":{\"@id\":\"https:\/\/sineldent.com\/pt-pt\/faqs\/#breadcrumb\"},\"inLanguage\":\"pt-PT\",\"potentialAction\":[{\"@type\":\"ReadAction\",\"target\":[\"https:\/\/sineldent.com\/pt-pt\/faqs\/\"]}]},{\"@type\":\"BreadcrumbList\",\"@id\":\"https:\/\/sineldent.com\/pt-pt\/faqs\/#breadcrumb\",\"itemListElement\":[{\"@type\":\"ListItem\",\"position\":1,\"name\":\"Portada\",\"item\":\"https:\/\/sineldent.com\/pt-pt\/\"},{\"@type\":\"ListItem\",\"position\":2,\"name\":\"FaQs\"}]},{\"@type\":\"WebSite\",\"@id\":\"https:\/\/sineldent.com\/#website\",\"url\":\"https:\/\/sineldent.com\/\",\"name\":\"SINELDENT\u00ae\",\"description\":\"Fabricantes de sonrisas desde 2009\",\"publisher\":{\"@id\":\"https:\/\/sineldent.com\/#organization\"},\"potentialAction\":[{\"@type\":\"SearchAction\",\"target\":{\"@type\":\"EntryPoint\",\"urlTemplate\":\"https:\/\/sineldent.com\/?s={search_term_string}\"},\"query-input\":\"required name=search_term_string\"}],\"inLanguage\":\"pt-PT\"},{\"@type\":\"Organization\",\"@id\":\"https:\/\/sineldent.com\/#organization\",\"name\":\"SINELDENT\",\"url\":\"https:\/\/sineldent.com\/\",\"logo\":{\"@type\":\"ImageObject\",\"inLanguage\":\"pt-PT\",\"@id\":\"https:\/\/sineldent.com\/#\/schema\/logo\/image\/\",\"url\":\"https:\/\/sineldent.com\/wp-content\/uploads\/2020\/10\/logo-_fb.png\",\"contentUrl\":\"https:\/\/sineldent.com\/wp-content\/uploads\/2020\/10\/logo-_fb.png\",\"width\":1201,\"height\":631,\"caption\":\"SINELDENT\"},\"image\":{\"@id\":\"https:\/\/sineldent.com\/#\/schema\/logo\/image\/\"},\"sameAs\":[\"https:\/\/www.facebook.com\/sineldent\/\",\"https:\/\/www.instagram.com\/sineldent\/\",\"https:\/\/www.linkedin.com\/company\/sineldent\/\",\"https:\/\/www.youtube.com\/channel\/UCnTiyo871wm4bh5ysR3HQQw\"]}]}<\/script>\n<!-- \/ Yoast SEO plugin. -->","yoast_head_json":{"title":"SINELDENT\u00ae | FAQs","description":"Consulte nossa se\u00e7\u00e3o de Perguntas Frequentes para todas as d\u00favidas que voc\u00ea tem sobre o SINELDENT. Entre aqui para mais informa\u00e7\u00f5es.","robots":{"index":"index","follow":"follow","max-snippet":"max-snippet:-1","max-image-preview":"max-image-preview:large","max-video-preview":"max-video-preview:-1"},"canonical":"https:\/\/sineldent.com\/pt-pt\/faqs\/","og_locale":"pt_PT","og_type":"article","og_title":"SINELDENT\u00ae | FAQs","og_description":"Consulte nossa se\u00e7\u00e3o de Perguntas Frequentes para todas as d\u00favidas que voc\u00ea tem sobre o SINELDENT. Entre aqui para mais informa\u00e7\u00f5es.","og_url":"https:\/\/sineldent.com\/pt-pt\/faqs\/","og_site_name":"SINELDENT\u00ae","article_publisher":"https:\/\/www.facebook.com\/sineldent\/","article_modified_time":"2020-12-11T09:31:01+00:00","og_image":[{"width":1201,"height":631,"url":"https:\/\/sineldent.com\/wp-content\/uploads\/2020\/10\/logo-_fb.png","type":"image\/png"}],"twitter_card":"summary_large_image","twitter_title":"SINELDENT\u00ae | FAQs","twitter_description":"Consulte nossa se\u00e7\u00e3o de Perguntas Frequentes para todas as d\u00favidas que voc\u00ea tem sobre o SINELDENT. Entre aqui para mais informa\u00e7\u00f5es.","twitter_image":"https:\/\/sineldent.com\/wp-content\/uploads\/2020\/10\/logo_tw.png","twitter_misc":{"Tempo estimado de leitura":"2 minutos"},"schema":{"@context":"https:\/\/schema.org","@graph":[{"@type":"WebPage","@id":"https:\/\/sineldent.com\/pt-pt\/faqs\/","url":"https:\/\/sineldent.com\/pt-pt\/faqs\/","name":"SINELDENT\u00ae | FAQs","isPartOf":{"@id":"https:\/\/sineldent.com\/#website"},"datePublished":"2020-09-02T07:23:08+00:00","dateModified":"2020-12-11T09:31:01+00:00","description":"Consulte nossa se\u00e7\u00e3o de Perguntas Frequentes para todas as d\u00favidas que voc\u00ea tem sobre o SINELDENT. Entre aqui para mais informa\u00e7\u00f5es.","breadcrumb":{"@id":"https:\/\/sineldent.com\/pt-pt\/faqs\/#breadcrumb"},"inLanguage":"pt-PT","potentialAction":[{"@type":"ReadAction","target":["https:\/\/sineldent.com\/pt-pt\/faqs\/"]}]},{"@type":"BreadcrumbList","@id":"https:\/\/sineldent.com\/pt-pt\/faqs\/#breadcrumb","itemListElement":[{"@type":"ListItem","position":1,"name":"Portada","item":"https:\/\/sineldent.com\/pt-pt\/"},{"@type":"ListItem","position":2,"name":"FaQs"}]},{"@type":"WebSite","@id":"https:\/\/sineldent.com\/#website","url":"https:\/\/sineldent.com\/","name":"SINELDENT\u00ae","description":"Fabricantes de sonrisas desde 2009","publisher":{"@id":"https:\/\/sineldent.com\/#organization"},"potentialAction":[{"@type":"SearchAction","target":{"@type":"EntryPoint","urlTemplate":"https:\/\/sineldent.com\/?s={search_term_string}"},"query-input":"required name=search_term_string"}],"inLanguage":"pt-PT"},{"@type":"Organization","@id":"https:\/\/sineldent.com\/#organization","name":"SINELDENT","url":"https:\/\/sineldent.com\/","logo":{"@type":"ImageObject","inLanguage":"pt-PT","@id":"https:\/\/sineldent.com\/#\/schema\/logo\/image\/","url":"https:\/\/sineldent.com\/wp-content\/uploads\/2020\/10\/logo-_fb.png","contentUrl":"https:\/\/sineldent.com\/wp-content\/uploads\/2020\/10\/logo-_fb.png","width":1201,"height":631,"caption":"SINELDENT"},"image":{"@id":"https:\/\/sineldent.com\/#\/schema\/logo\/image\/"},"sameAs":["https:\/\/www.facebook.com\/sineldent\/","https:\/\/www.instagram.com\/sineldent\/","https:\/\/www.linkedin.com\/company\/sineldent\/","https:\/\/www.youtube.com\/channel\/UCnTiyo871wm4bh5ysR3HQQw"]}]}},"_links":{"self":[{"href":"https:\/\/sineldent.com\/pt-pt\/wp-json\/wp\/v2\/pages\/8726","targetHints":{"allow":["GET"]}}],"collection":[{"href":"https:\/\/sineldent.com\/pt-pt\/wp-json\/wp\/v2\/pages"}],"about":[{"href":"https:\/\/sineldent.com\/pt-pt\/wp-json\/wp\/v2\/types\/page"}],"author":[{"embeddable":true,"href":"https:\/\/sineldent.com\/pt-pt\/wp-json\/wp\/v2\/users\/1"}],"replies":[{"embeddable":true,"href":"https:\/\/sineldent.com\/pt-pt\/wp-json\/wp\/v2\/comments?post=8726"}],"version-history":[{"count":11,"href":"https:\/\/sineldent.com\/pt-pt\/wp-json\/wp\/v2\/pages\/8726\/revisions"}],"predecessor-version":[{"id":8735,"href":"https:\/\/sineldent.com\/pt-pt\/wp-json\/wp\/v2\/pages\/8726\/revisions\/8735"}],"wp:attachment":[{"href":"https:\/\/sineldent.com\/pt-pt\/wp-json\/wp\/v2\/media?parent=8726"}],"curies":[{"name":"wp","href":"https:\/\/api.w.org\/{rel}","templated":true}]}}