{"id":7420,"date":"2019-10-17T16:23:55","date_gmt":"2019-10-17T14:23:55","guid":{"rendered":"https:\/\/sineldent.com\/cursos-sineldent\/masterclass-ourense\/"},"modified":"2020-10-06T18:19:09","modified_gmt":"2020-10-06T16:19:09","slug":"masterclass-ourense","status":"publish","type":"page","link":"https:\/\/sineldent.com\/pt-pt\/masterclass-ourense\/","title":{"rendered":"Masterclass com a Sineldent &#8211; Ourense"},"content":{"rendered":"[vc_row foundry_padding=&#8221;pb0&#8243;][vc_column css=&#8221;.vc_custom_1551111286618{padding-right: 10px !important;}&#8221;][vc_column_text el_class=&#8221;nombre-producto masterclass&#8221;]\n<h1><strong>Masterclass<\/strong> com a <span class=\"sinel-font\">SINELDENT<\/span><sub>\u00ae <\/sub><\/h1>\n<h2><strong><i class=\"ti-pin\"> <\/i>Ourense Training Center<\/strong><\/h2>\n[\/vc_column_text][vc_separator color=&#8221;custom&#8221; border_width=&#8221;2&#8243; accent_color=&#8221;#f3f3f3&#8243; css=&#8221;.vc_custom_1551111219056{margin-top: -15px !important;padding-top: 0px !important;}&#8221;][\/vc_column][\/vc_row][vc_row gap=&#8221;20&#8243; foundry_padding=&#8221;pt0&#8243;][vc_column width=&#8221;2\/3&#8243; css=&#8221;.vc_custom_1513771152152{padding-right: 10px !important;padding-left: 10px !important;}&#8221;][vc_empty_space height=&#8221;20px&#8221;][vc_raw_html el_class=&#8221;masterclass-grid&#8221;]JTNDZGl2JTIwY2xhc3MlM0QlMjJncmlkLW5vLWl0ZW1zJTIwYmFja2dyb3VuZC1wbG90JTIyJTNFJTNDaW1nJTIwY2xhc3MlM0QlMjJ0ZXh0LWNlbnRlciUyMiUyMHNyYyUzRCUyMiUyRndwLWNvbnRlbnQlMkZ1cGxvYWRzJTJGMjAxOSUyRjEwJTJGY2FsZW5kYXJpby1zaW5lbGRlbnQuc3ZnJTIyJTIwd2lkdGglM0QlMjIxMzclMjIlMjBoZWlnaHQlM0QlMjIxMzclMjIlMjBhbHQlM0QlMjJjYWxlbmRhciUyMiUyMHRpdGxlJTNEJTIyY2FsZW5kYXJpby1zaW5lbGRlbnQlMjIlM0UlM0NoNCUzRU4lQzMlQTNvJTIwZXhpc3RlbSUyMGF0dWFsbWVudGUlMjBNYXN0ZXJjbGFzc2VzJTIwYWdlbmRhZGFzJTIwbmVzdGUlMjBUcmFpbmluZyUyMENlbnRlciUzQyUyRmg0JTNFJTNDJTJGZGl2JTNF[\/vc_raw_html][vc_basic_grid post_type=&#8221;mc-events&#8221; max_items=&#8221;2&#8243; element_width=&#8221;6&#8243; item=&#8221;5587&#8243; grid_id=&#8221;vc_gid:1591350428481-231c2ba3-bef3-3&#8243; el_class=&#8221;masterclass-grid hidden&#8221; taxonomies=&#8221;85&#8243;][vc_column_text css=&#8221;.vc_custom_1591350459625{margin-top: 15px !important;margin-bottom: 0px !important;padding-top: 5px !important;padding-bottom: 0px !important;}&#8221; el_class=&#8221;cursos-etiquetas-azules&#8221;]\n<h5><strong>INSCREVA-SE<\/strong><\/h5>\n[\/vc_column_text][vc_row_inner css=&#8221;.vc_custom_1517315951559{margin-top: -10px !important;margin-bottom: 0px !important;padding-top: 0px !important;padding-bottom: 0px !important;}&#8221;][vc_column_inner width=&#8221;1\/2&#8243; css=&#8221;.vc_custom_1515604148302{padding-right: 10px !important;}&#8221;][vc_column_text css=&#8221;.vc_custom_1591344950656{margin-bottom: 0px !important;padding-bottom: 0px !important;}&#8221;]\n<p style=\"text-align: left;\"><span style=\"font-size: 14pt;\"><b>Reserve atrav\u00e9s de e-mail<\/b><\/span><\/p>\n[\/vc_column_text][vc_separator color=&#8221;custom&#8221; border_width=&#8221;2&#8243; accent_color=&#8221;#f3f3f3&#8243; css=&#8221;.vc_custom_1513767574468{margin-top: -15px !important;padding-top: 0px !important;}&#8221;][vc_column_text css=&#8221;.vc_custom_1591347886152{margin-top: -20px !important;margin-bottom: 0px !important;padding-top: 0px !important;padding-bottom: 0px !important;}&#8221;]\n<p class=\"p1\" style=\"text-align: left;\"><a class=\"btn-sm btn\" href=\"mailto:atencionalcliente@sineldent.com?subject=Inscripci\u00f3n%20Avanzado%20Exocad%20Orense\"><i class=\"ti-email\"> <\/i>atendimento ao cliente<\/a><\/p>\n[\/vc_column_text][\/vc_column_inner][vc_column_inner width=&#8221;1\/2&#8243;][vc_column_text css=&#8221;.vc_custom_1591344969956{margin-top: 0px !important;margin-bottom: 0px !important;padding-top: 0px !important;padding-bottom: 0px !important;}&#8221;]\n<p style=\"text-align: left;\"><span style=\"font-size: 18.6667px;\"><b>Reserve por telefone<\/b><\/span><\/p>\n[\/vc_column_text][vc_separator color=&#8221;custom&#8221; border_width=&#8221;2&#8243; accent_color=&#8221;#f3f3f3&#8243; css=&#8221;.vc_custom_1513767574468{margin-top: -15px !important;padding-top: 0px !important;}&#8221;][vc_column_text css=&#8221;.vc_custom_1517316113821{margin-top: -20px !important;margin-bottom: 0px !important;padding-top: 0px !important;padding-bottom: 0px !important;}&#8221;]\n<p style=\"text-align: left;\"><a class=\"btn btn-sm\" href=\"tel:+34910010287\"><i class=\"ti-mobile\"> <\/i>+34 910 010 287<\/a><\/p>\n[\/vc_column_text][\/vc_column_inner][\/vc_row_inner][\/vc_column][vc_column width=&#8221;1\/3&#8243; css=&#8221;.vc_custom_1513771109908{padding-top: 0px !important;background-color: #f3f3f3 !important;}&#8221;][vc_column_text css=&#8221;.vc_custom_1591350447878{border-top-width: 15px !important;padding-top: 5px !important;border-top-color: #ffffff !important;border-top-style: solid !important;}&#8221; el_class=&#8221;cursos-etiquetas-azules&#8221;]\n<h5>DESCRI\u00c7\u00c3O<\/h5>\n[\/vc_column_text][vc_column_text css=&#8221;.vc_custom_1591344926924{margin-top: -15px !important;margin-bottom: -15px !important;padding-right: 20px !important;padding-left: 20px !important;}&#8221;]A <span class=\"sinel-font\">SINELDENT<\/span><sub>\u00ae <\/sub> colabora com os melhores especialistas na \u00e1rea da pr\u00f3tese dent\u00e1ria para lhe oferecer v\u00e1rias Masterclasses destinadas a aumentar a competitividade dos profissionais do setor. Clique para ver os detalhes espec\u00edficos de cada Masterclass.[\/vc_column_text][vc_column_text css=&#8221;.vc_custom_1571326433336{padding-top: 5px !important;}&#8221; el_class=&#8221;cursos-etiquetas-azules hidden&#8221;]\n<h5>PRECIO<\/h5>\n[\/vc_column_text][vc_column_text css=&#8221;.vc_custom_1571326441382{margin-top: -15px !important;margin-bottom: -15px !important;padding-top: 0px !important;padding-right: 20px !important;padding-left: 20px !important;}&#8221; el_class=&#8221;hidden&#8221;]<span style=\"color: #00709f; font-size: 24pt;\"><strong>500\u20ac &#8211; 250\u20ac*\u00a0<\/strong><\/span><br \/>\n<span class=\"p1\" style=\"font-size: 8pt;\"><strong>*Para clientes de SINELDENT<sub>\u00ae<\/sub><\/strong><\/span><br \/>\n<strong>El precio incluye:<\/strong><br \/>\n2 noches con desayuno en hotel 4*<br \/>\nCena el viernes \/ Comida y cena el s\u00e1bado[\/vc_column_text][vc_column_text css=&#8221;.vc_custom_1591345120767{border-top-width: 15px !important;padding-top: 5px !important;border-top-color: #ffffff !important;border-top-style: solid !important;}&#8221; el_class=&#8221;cursos-etiquetas-azules&#8221;]\n<h5>MODELOS DISPON\u00cdVEIS<\/h5>\n[\/vc_column_text][vc_column_text css=&#8221;.vc_custom_1591348020503{margin-top: -15px !important;margin-bottom: -15px !important;padding-top: 0px !important;}&#8221; el_class=&#8221;curso-dates&#8221;]<div class='mc-event-list-container'><ul id='upcoming-events-5d8df465776008ec36536357ffc671a7' class='mc-event-list no-events-fallback upcoming-events list-events'><li class=\"\">Atualmente n\u00e3o temos nenhum curso dispon\u00edvel<\/li><\/ul><\/div>[\/vc_column_text][\/vc_column][\/vc_row][vc_row][vc_column][vc_column_text][\/vc_column_text][\/vc_column][\/vc_row]\n","protected":false},"excerpt":{"rendered":"<p>[vc_row foundry_padding=&#8221;pb0&#8243;][vc_column css=&#8221;.vc_custom_1551111286618{padding-right: 10px !important;}&#8221;][vc_column_text el_class=&#8221;nombre-producto masterclass&#8221;] Masterclass com a SINELDENT\u00ae Ourense Training Center [\/vc_column_text][vc_separator color=&#8221;custom&#8221; border_width=&#8221;2&#8243; accent_color=&#8221;#f3f3f3&#8243; css=&#8221;.vc_custom_1551111219056{margin-top: -15px !important;padding-top:&#8230;<\/p>\n","protected":false},"author":1,"featured_media":0,"parent":0,"menu_order":0,"comment_status":"closed","ping_status":"closed","template":"","meta":{"_mc_calendar":[],"footnotes":"","_links_to":"","_links_to_target":""},"class_list":["post-7420","page","type-page","status-publish","hentry"],"yoast_head":"<!-- This site is optimized with the Yoast SEO plugin v21.7 - https:\/\/yoast.com\/wordpress\/plugins\/seo\/ -->\n<title>SINELDENT\u00ae | Masterclass com a SINELDENT\u00ae<\/title>\n<meta name=\"description\" content=\"A SINELDENT\u00ae colabora com os melhores especialistas na \u00e1rea da pr\u00f3tese dent\u00e1ria para lhe oferecer v\u00e1rias Masterclasses\" \/>\n<meta name=\"robots\" content=\"index, follow, max-snippet:-1, max-image-preview:large, max-video-preview:-1\" \/>\n<link rel=\"canonical\" href=\"https:\/\/sineldent.com\/pt-pt\/masterclass-ourense\/\" \/>\n<meta property=\"og:locale\" content=\"pt_PT\" \/>\n<meta property=\"og:type\" content=\"article\" \/>\n<meta property=\"og:title\" content=\"SINELDENT\u00ae | Masterclass com a SINELDENT\u00ae\" \/>\n<meta property=\"og:description\" content=\"A SINELDENT\u00ae colabora com os melhores especialistas na \u00e1rea da pr\u00f3tese dent\u00e1ria para lhe oferecer v\u00e1rias Masterclasses\" \/>\n<meta property=\"og:url\" content=\"https:\/\/sineldent.com\/pt-pt\/masterclass-ourense\/\" \/>\n<meta property=\"og:site_name\" content=\"SINELDENT\u00ae\" \/>\n<meta property=\"article:publisher\" content=\"https:\/\/www.facebook.com\/sineldent\/\" \/>\n<meta property=\"article:modified_time\" content=\"2020-10-06T16:19:09+00:00\" \/>\n<meta property=\"og:image\" content=\"https:\/\/sineldent.com\/wp-content\/uploads\/2020\/10\/logo-_fb.png\" \/>\n\t<meta property=\"og:image:width\" content=\"1201\" \/>\n\t<meta property=\"og:image:height\" content=\"631\" \/>\n\t<meta property=\"og:image:type\" content=\"image\/png\" \/>\n<meta name=\"twitter:card\" content=\"summary_large_image\" \/>\n<meta name=\"twitter:title\" content=\"SINELDENT\u00ae | Masterclass com a SINELDENT\u00ae\" \/>\n<meta name=\"twitter:description\" content=\"A SINELDENT\u00ae colabora com os melhores especialistas na \u00e1rea da pr\u00f3tese dent\u00e1ria para lhe oferecer v\u00e1rias Masterclasses\" \/>\n<meta name=\"twitter:image\" content=\"https:\/\/sineldent.com\/wp-content\/uploads\/2020\/10\/logo_tw.png\" \/>\n<meta name=\"twitter:label1\" content=\"Tempo estimado de leitura\" \/>\n\t<meta name=\"twitter:data1\" content=\"3 minutos\" \/>\n<script type=\"application\/ld+json\" class=\"yoast-schema-graph\">{\"@context\":\"https:\/\/schema.org\",\"@graph\":[{\"@type\":\"WebPage\",\"@id\":\"https:\/\/sineldent.com\/pt-pt\/masterclass-ourense\/\",\"url\":\"https:\/\/sineldent.com\/pt-pt\/masterclass-ourense\/\",\"name\":\"SINELDENT\u00ae | Masterclass com a SINELDENT\u00ae\",\"isPartOf\":{\"@id\":\"https:\/\/sineldent.com\/#website\"},\"datePublished\":\"2019-10-17T14:23:55+00:00\",\"dateModified\":\"2020-10-06T16:19:09+00:00\",\"description\":\"A SINELDENT\u00ae colabora com os melhores especialistas na \u00e1rea da pr\u00f3tese dent\u00e1ria para lhe oferecer v\u00e1rias Masterclasses\",\"breadcrumb\":{\"@id\":\"https:\/\/sineldent.com\/pt-pt\/masterclass-ourense\/#breadcrumb\"},\"inLanguage\":\"pt-PT\",\"potentialAction\":[{\"@type\":\"ReadAction\",\"target\":[\"https:\/\/sineldent.com\/pt-pt\/masterclass-ourense\/\"]}]},{\"@type\":\"BreadcrumbList\",\"@id\":\"https:\/\/sineldent.com\/pt-pt\/masterclass-ourense\/#breadcrumb\",\"itemListElement\":[{\"@type\":\"ListItem\",\"position\":1,\"name\":\"Portada\",\"item\":\"https:\/\/sineldent.com\/pt-pt\/\"},{\"@type\":\"ListItem\",\"position\":2,\"name\":\"Masterclass com a Sineldent &#8211; Ourense\"}]},{\"@type\":\"WebSite\",\"@id\":\"https:\/\/sineldent.com\/#website\",\"url\":\"https:\/\/sineldent.com\/\",\"name\":\"SINELDENT\u00ae\",\"description\":\"Fabricantes de sonrisas desde 2009\",\"publisher\":{\"@id\":\"https:\/\/sineldent.com\/#organization\"},\"potentialAction\":[{\"@type\":\"SearchAction\",\"target\":{\"@type\":\"EntryPoint\",\"urlTemplate\":\"https:\/\/sineldent.com\/?s={search_term_string}\"},\"query-input\":\"required name=search_term_string\"}],\"inLanguage\":\"pt-PT\"},{\"@type\":\"Organization\",\"@id\":\"https:\/\/sineldent.com\/#organization\",\"name\":\"SINELDENT\",\"url\":\"https:\/\/sineldent.com\/\",\"logo\":{\"@type\":\"ImageObject\",\"inLanguage\":\"pt-PT\",\"@id\":\"https:\/\/sineldent.com\/#\/schema\/logo\/image\/\",\"url\":\"https:\/\/sineldent.com\/wp-content\/uploads\/2020\/10\/logo-_fb.png\",\"contentUrl\":\"https:\/\/sineldent.com\/wp-content\/uploads\/2020\/10\/logo-_fb.png\",\"width\":1201,\"height\":631,\"caption\":\"SINELDENT\"},\"image\":{\"@id\":\"https:\/\/sineldent.com\/#\/schema\/logo\/image\/\"},\"sameAs\":[\"https:\/\/www.facebook.com\/sineldent\/\",\"https:\/\/www.instagram.com\/sineldent\/\",\"https:\/\/www.linkedin.com\/company\/sineldent\/\",\"https:\/\/www.youtube.com\/channel\/UCnTiyo871wm4bh5ysR3HQQw\"]}]}<\/script>\n<!-- \/ Yoast SEO plugin. -->","yoast_head_json":{"title":"SINELDENT\u00ae | Masterclass com a SINELDENT\u00ae","description":"A SINELDENT\u00ae colabora com os melhores especialistas na \u00e1rea da pr\u00f3tese dent\u00e1ria para lhe oferecer v\u00e1rias Masterclasses","robots":{"index":"index","follow":"follow","max-snippet":"max-snippet:-1","max-image-preview":"max-image-preview:large","max-video-preview":"max-video-preview:-1"},"canonical":"https:\/\/sineldent.com\/pt-pt\/masterclass-ourense\/","og_locale":"pt_PT","og_type":"article","og_title":"SINELDENT\u00ae | Masterclass com a SINELDENT\u00ae","og_description":"A SINELDENT\u00ae colabora com os melhores especialistas na \u00e1rea da pr\u00f3tese dent\u00e1ria para lhe oferecer v\u00e1rias Masterclasses","og_url":"https:\/\/sineldent.com\/pt-pt\/masterclass-ourense\/","og_site_name":"SINELDENT\u00ae","article_publisher":"https:\/\/www.facebook.com\/sineldent\/","article_modified_time":"2020-10-06T16:19:09+00:00","og_image":[{"width":1201,"height":631,"url":"https:\/\/sineldent.com\/wp-content\/uploads\/2020\/10\/logo-_fb.png","type":"image\/png"}],"twitter_card":"summary_large_image","twitter_title":"SINELDENT\u00ae | Masterclass com a SINELDENT\u00ae","twitter_description":"A SINELDENT\u00ae colabora com os melhores especialistas na \u00e1rea da pr\u00f3tese dent\u00e1ria para lhe oferecer v\u00e1rias Masterclasses","twitter_image":"https:\/\/sineldent.com\/wp-content\/uploads\/2020\/10\/logo_tw.png","twitter_misc":{"Tempo estimado de leitura":"3 minutos"},"schema":{"@context":"https:\/\/schema.org","@graph":[{"@type":"WebPage","@id":"https:\/\/sineldent.com\/pt-pt\/masterclass-ourense\/","url":"https:\/\/sineldent.com\/pt-pt\/masterclass-ourense\/","name":"SINELDENT\u00ae | Masterclass com a SINELDENT\u00ae","isPartOf":{"@id":"https:\/\/sineldent.com\/#website"},"datePublished":"2019-10-17T14:23:55+00:00","dateModified":"2020-10-06T16:19:09+00:00","description":"A SINELDENT\u00ae colabora com os melhores especialistas na \u00e1rea da pr\u00f3tese dent\u00e1ria para lhe oferecer v\u00e1rias Masterclasses","breadcrumb":{"@id":"https:\/\/sineldent.com\/pt-pt\/masterclass-ourense\/#breadcrumb"},"inLanguage":"pt-PT","potentialAction":[{"@type":"ReadAction","target":["https:\/\/sineldent.com\/pt-pt\/masterclass-ourense\/"]}]},{"@type":"BreadcrumbList","@id":"https:\/\/sineldent.com\/pt-pt\/masterclass-ourense\/#breadcrumb","itemListElement":[{"@type":"ListItem","position":1,"name":"Portada","item":"https:\/\/sineldent.com\/pt-pt\/"},{"@type":"ListItem","position":2,"name":"Masterclass com a Sineldent &#8211; Ourense"}]},{"@type":"WebSite","@id":"https:\/\/sineldent.com\/#website","url":"https:\/\/sineldent.com\/","name":"SINELDENT\u00ae","description":"Fabricantes de sonrisas desde 2009","publisher":{"@id":"https:\/\/sineldent.com\/#organization"},"potentialAction":[{"@type":"SearchAction","target":{"@type":"EntryPoint","urlTemplate":"https:\/\/sineldent.com\/?s={search_term_string}"},"query-input":"required name=search_term_string"}],"inLanguage":"pt-PT"},{"@type":"Organization","@id":"https:\/\/sineldent.com\/#organization","name":"SINELDENT","url":"https:\/\/sineldent.com\/","logo":{"@type":"ImageObject","inLanguage":"pt-PT","@id":"https:\/\/sineldent.com\/#\/schema\/logo\/image\/","url":"https:\/\/sineldent.com\/wp-content\/uploads\/2020\/10\/logo-_fb.png","contentUrl":"https:\/\/sineldent.com\/wp-content\/uploads\/2020\/10\/logo-_fb.png","width":1201,"height":631,"caption":"SINELDENT"},"image":{"@id":"https:\/\/sineldent.com\/#\/schema\/logo\/image\/"},"sameAs":["https:\/\/www.facebook.com\/sineldent\/","https:\/\/www.instagram.com\/sineldent\/","https:\/\/www.linkedin.com\/company\/sineldent\/","https:\/\/www.youtube.com\/channel\/UCnTiyo871wm4bh5ysR3HQQw"]}]}},"_links":{"self":[{"href":"https:\/\/sineldent.com\/pt-pt\/wp-json\/wp\/v2\/pages\/7420","targetHints":{"allow":["GET"]}}],"collection":[{"href":"https:\/\/sineldent.com\/pt-pt\/wp-json\/wp\/v2\/pages"}],"about":[{"href":"https:\/\/sineldent.com\/pt-pt\/wp-json\/wp\/v2\/types\/page"}],"author":[{"embeddable":true,"href":"https:\/\/sineldent.com\/pt-pt\/wp-json\/wp\/v2\/users\/1"}],"replies":[{"embeddable":true,"href":"https:\/\/sineldent.com\/pt-pt\/wp-json\/wp\/v2\/comments?post=7420"}],"version-history":[{"count":12,"href":"https:\/\/sineldent.com\/pt-pt\/wp-json\/wp\/v2\/pages\/7420\/revisions"}],"predecessor-version":[{"id":7824,"href":"https:\/\/sineldent.com\/pt-pt\/wp-json\/wp\/v2\/pages\/7420\/revisions\/7824"}],"wp:attachment":[{"href":"https:\/\/sineldent.com\/pt-pt\/wp-json\/wp\/v2\/media?parent=7420"}],"curies":[{"name":"wp","href":"https:\/\/api.w.org\/{rel}","templated":true}]}}