{"id":4545,"date":"2018-12-28T13:47:09","date_gmt":"2018-12-28T12:47:09","guid":{"rendered":"https:\/\/sineldent.com\/?page_id=4545"},"modified":"2020-10-06T16:44:02","modified_gmt":"2020-10-06T14:44:02","slug":"consentimento-curricula","status":"publish","type":"page","link":"https:\/\/sineldent.com\/pt-pt\/consentimento-curricula\/","title":{"rendered":"Consentimento para a rece\u00e7\u00e3o e armazenamento de curricula"},"content":{"rendered":"[vc_row foundry_padding=&#8221;pt0 pb0&#8243; css=&#8221;.vc_custom_1515688372009{padding-top: 50px !important;padding-bottom: 30px !important;background-image: url(https:\/\/sineldent.com\/wp-content\/uploads\/2018\/01\/Fondo.jpg?id=858) !important;}&#8221;][vc_column][vc_column_text el_class=&#8221;uppercase&#8221;]\n<h1><span style=\"color: #fff; font-family: raleway; font-weight: bold; font-size: 20pt;\">Consentimento para a rece\u00e7\u00e3o e armazenamento de curricula<\/span><\/h1>\n[\/vc_column_text][\/vc_column][\/vc_row][vc_row][vc_column][vc_column_text]<em>Respons\u00e1vel:\u00a0<strong>SINELDENT, S.L.U.<\/strong>\u00a0&#8211; CIF:\u00a0<strong>B85821528<\/strong>\u00a0&#8211; Endere\u00e7o postal:\u00a0<strong>P.I. SAN CIBRAO DAS VI\u00d1AS &#8211; CALLE 13 NAVE 22, 32901, SAN CIBRAO DAS VI\u00d1AS (OURENSE)<\/strong>\u00a0\u00a0-Telefone:\u00a0<strong>910010287<\/strong>\u00a0\u00a0&#8211; Correio electr\u00f3nico:\u00a0<strong><a href=\"mailto:rgpd@sineldent.com\">rgpd@sineldent.com<\/a><\/strong><\/em><\/p>\n<p>SINELDENT, S.L.U. informa:<\/p>\n<p>Em conformidade com o disposto no <strong>Regulamento (UE) 2016\/679<\/strong> do Parlamento Europeu e do Conselho, de 27 de abril de 2016 e na legisla\u00e7\u00e3o vigente em mat\u00e9ria de prote\u00e7\u00e3o de, informamos que o respons\u00e1vel pelo tratamento dos seu dados \u00e9 a SINELDENT S.L.U.<\/p>\n<p>Os dados que nos fornece s\u00e3o tratados com a finalidade de o manter informado relativamente \u00e0s v\u00e1rias vagas de emprego que forem anunciadas pela nossa empresa e n\u00e3o ser\u00e3o cedidos a terceiros.<\/p>\n<p>Se assim o autorizar, os dados que nos fornecer ser\u00e3o conservados at\u00e9 a adjudica\u00e7\u00e3o de um de um posto de trabalho ou at\u00e9 que voc\u00ea resolva exercer o seu direito de supress\u00e3o sobre os mesmos. Tem, portanto, direito a aceder aos seus dados pessoais, retificar os dados inexatos ou solicitar a supress\u00e3o quando os dados j\u00e1 n\u00e3o forem necess\u00e1rios.<\/p>\n<p>Sem a sua autoriza\u00e7\u00e3o expressa ao tratamento dos dados que nos forneceu com a finalidade acima referida, temos a obriga\u00e7\u00e3o legal de os eliminar sem demora injustificada; assim sendo, em caso de n\u00e3o termos recebido de volta este documento preenchido num prazo de 72h, os seus dados ser\u00e3o suprimidos.<\/p>\n<p>Voc\u00ea pode exercer os seus direitos de acesso, retifica\u00e7\u00e3o, supress\u00e3o, oposi\u00e7\u00e3o, limita\u00e7\u00e3o e portabilidade dos seus dados entrando em contato atrav\u00e9s do endere\u00e7o mencionado abaixo.<\/p>\n<p>Lembramos-lhe que, em caso de, n\u00e3o ter ficado satisfeito com o exerc\u00edcio dos seus direitos poder\u00e1 ainda apresentar uma reclama\u00e7\u00e3o junto da autoridade de controlo competente em mat\u00e9ria de prote\u00e7\u00e3o de dados.[\/vc_column_text][\/vc_column][\/vc_row]\n","protected":false},"excerpt":{"rendered":"<p>[vc_row foundry_padding=&#8221;pt0 pb0&#8243; css=&#8221;.vc_custom_1515688372009{padding-top: 50px !important;padding-bottom: 30px !important;background-image: url(https:\/\/sineldent.com\/wp-content\/uploads\/2018\/01\/Fondo.jpg?id=858) !important;}&#8221;][vc_column][vc_column_text el_class=&#8221;uppercase&#8221;] Consentimento para a rece\u00e7\u00e3o e armazenamento de curricula [\/vc_column_text][\/vc_column][\/vc_row][vc_row][vc_column][vc_column_text]Respons\u00e1vel:\u00a0SINELDENT, S.L.U.\u00a0&#8211;&#8230;<\/p>\n","protected":false},"author":1,"featured_media":0,"parent":0,"menu_order":0,"comment_status":"closed","ping_status":"closed","template":"","meta":{"_mc_calendar":[],"footnotes":"","_links_to":"","_links_to_target":""},"class_list":["post-4545","page","type-page","status-publish","hentry"],"yoast_head":"<!-- This site is optimized with the Yoast SEO plugin v21.7 - https:\/\/yoast.com\/wordpress\/plugins\/seo\/ -->\n<title>Consentimento para a rece\u00e7\u00e3o e armazenamento de curricula - SINELDENT\u00ae<\/title>\n<meta name=\"robots\" content=\"noindex, nofollow\" \/>\n<meta property=\"og:locale\" content=\"pt_PT\" \/>\n<meta property=\"og:type\" content=\"article\" \/>\n<meta property=\"og:title\" content=\"Consentimento para a rece\u00e7\u00e3o e armazenamento de curricula - SINELDENT\u00ae\" \/>\n<meta property=\"og:description\" content=\"[vc_row foundry_padding=&#8221;pt0 pb0&#8243; css=&#8221;.vc_custom_1515688372009{padding-top: 50px !important;padding-bottom: 30px !important;background-image: url(https:\/\/sineldent.com\/wp-content\/uploads\/2018\/01\/Fondo.jpg?id=858) !important;}&#8221;][vc_column][vc_column_text el_class=&#8221;uppercase&#8221;] Consentimento para a rece\u00e7\u00e3o e armazenamento de curricula [\/vc_column_text][\/vc_column][\/vc_row][vc_row][vc_column][vc_column_text]Respons\u00e1vel:\u00a0SINELDENT, S.L.U.\u00a0&#8211;...\" \/>\n<meta property=\"og:url\" content=\"https:\/\/sineldent.com\/pt-pt\/consentimento-curricula\/\" \/>\n<meta property=\"og:site_name\" content=\"SINELDENT\u00ae\" \/>\n<meta property=\"article:publisher\" content=\"https:\/\/www.facebook.com\/sineldent\/\" \/>\n<meta property=\"article:modified_time\" content=\"2020-10-06T14:44:02+00:00\" \/>\n<meta name=\"twitter:card\" content=\"summary_large_image\" \/>\n<meta name=\"twitter:label1\" content=\"Tempo estimado de leitura\" \/>\n\t<meta name=\"twitter:data1\" content=\"2 minutos\" \/>\n<script type=\"application\/ld+json\" class=\"yoast-schema-graph\">{\"@context\":\"https:\/\/schema.org\",\"@graph\":[{\"@type\":\"WebPage\",\"@id\":\"https:\/\/sineldent.com\/pt-pt\/consentimento-curricula\/\",\"url\":\"https:\/\/sineldent.com\/pt-pt\/consentimento-curricula\/\",\"name\":\"Consentimento para a rece\u00e7\u00e3o e armazenamento de curricula - SINELDENT\u00ae\",\"isPartOf\":{\"@id\":\"https:\/\/sineldent.com\/#website\"},\"datePublished\":\"2018-12-28T12:47:09+00:00\",\"dateModified\":\"2020-10-06T14:44:02+00:00\",\"breadcrumb\":{\"@id\":\"https:\/\/sineldent.com\/pt-pt\/consentimento-curricula\/#breadcrumb\"},\"inLanguage\":\"pt-PT\",\"potentialAction\":[{\"@type\":\"ReadAction\",\"target\":[\"https:\/\/sineldent.com\/pt-pt\/consentimento-curricula\/\"]}]},{\"@type\":\"BreadcrumbList\",\"@id\":\"https:\/\/sineldent.com\/pt-pt\/consentimento-curricula\/#breadcrumb\",\"itemListElement\":[{\"@type\":\"ListItem\",\"position\":1,\"name\":\"Portada\",\"item\":\"https:\/\/sineldent.com\/pt-pt\/\"},{\"@type\":\"ListItem\",\"position\":2,\"name\":\"Consentimento para a rece\u00e7\u00e3o e armazenamento de curricula\"}]},{\"@type\":\"WebSite\",\"@id\":\"https:\/\/sineldent.com\/#website\",\"url\":\"https:\/\/sineldent.com\/\",\"name\":\"SINELDENT\u00ae\",\"description\":\"Fabricantes de sonrisas desde 2009\",\"publisher\":{\"@id\":\"https:\/\/sineldent.com\/#organization\"},\"potentialAction\":[{\"@type\":\"SearchAction\",\"target\":{\"@type\":\"EntryPoint\",\"urlTemplate\":\"https:\/\/sineldent.com\/?s={search_term_string}\"},\"query-input\":\"required name=search_term_string\"}],\"inLanguage\":\"pt-PT\"},{\"@type\":\"Organization\",\"@id\":\"https:\/\/sineldent.com\/#organization\",\"name\":\"SINELDENT\",\"url\":\"https:\/\/sineldent.com\/\",\"logo\":{\"@type\":\"ImageObject\",\"inLanguage\":\"pt-PT\",\"@id\":\"https:\/\/sineldent.com\/#\/schema\/logo\/image\/\",\"url\":\"https:\/\/sineldent.com\/wp-content\/uploads\/2020\/10\/logo-_fb.png\",\"contentUrl\":\"https:\/\/sineldent.com\/wp-content\/uploads\/2020\/10\/logo-_fb.png\",\"width\":1201,\"height\":631,\"caption\":\"SINELDENT\"},\"image\":{\"@id\":\"https:\/\/sineldent.com\/#\/schema\/logo\/image\/\"},\"sameAs\":[\"https:\/\/www.facebook.com\/sineldent\/\",\"https:\/\/www.instagram.com\/sineldent\/\",\"https:\/\/www.linkedin.com\/company\/sineldent\/\",\"https:\/\/www.youtube.com\/channel\/UCnTiyo871wm4bh5ysR3HQQw\"]}]}<\/script>\n<!-- \/ Yoast SEO plugin. -->","yoast_head_json":{"title":"Consentimento para a rece\u00e7\u00e3o e armazenamento de curricula - SINELDENT\u00ae","robots":{"index":"noindex","follow":"nofollow"},"og_locale":"pt_PT","og_type":"article","og_title":"Consentimento para a rece\u00e7\u00e3o e armazenamento de curricula - SINELDENT\u00ae","og_description":"[vc_row foundry_padding=&#8221;pt0 pb0&#8243; css=&#8221;.vc_custom_1515688372009{padding-top: 50px !important;padding-bottom: 30px !important;background-image: url(https:\/\/sineldent.com\/wp-content\/uploads\/2018\/01\/Fondo.jpg?id=858) !important;}&#8221;][vc_column][vc_column_text el_class=&#8221;uppercase&#8221;] Consentimento para a rece\u00e7\u00e3o e armazenamento de curricula [\/vc_column_text][\/vc_column][\/vc_row][vc_row][vc_column][vc_column_text]Respons\u00e1vel:\u00a0SINELDENT, S.L.U.\u00a0&#8211;...","og_url":"https:\/\/sineldent.com\/pt-pt\/consentimento-curricula\/","og_site_name":"SINELDENT\u00ae","article_publisher":"https:\/\/www.facebook.com\/sineldent\/","article_modified_time":"2020-10-06T14:44:02+00:00","twitter_card":"summary_large_image","twitter_misc":{"Tempo estimado de leitura":"2 minutos"},"schema":{"@context":"https:\/\/schema.org","@graph":[{"@type":"WebPage","@id":"https:\/\/sineldent.com\/pt-pt\/consentimento-curricula\/","url":"https:\/\/sineldent.com\/pt-pt\/consentimento-curricula\/","name":"Consentimento para a rece\u00e7\u00e3o e armazenamento de curricula - SINELDENT\u00ae","isPartOf":{"@id":"https:\/\/sineldent.com\/#website"},"datePublished":"2018-12-28T12:47:09+00:00","dateModified":"2020-10-06T14:44:02+00:00","breadcrumb":{"@id":"https:\/\/sineldent.com\/pt-pt\/consentimento-curricula\/#breadcrumb"},"inLanguage":"pt-PT","potentialAction":[{"@type":"ReadAction","target":["https:\/\/sineldent.com\/pt-pt\/consentimento-curricula\/"]}]},{"@type":"BreadcrumbList","@id":"https:\/\/sineldent.com\/pt-pt\/consentimento-curricula\/#breadcrumb","itemListElement":[{"@type":"ListItem","position":1,"name":"Portada","item":"https:\/\/sineldent.com\/pt-pt\/"},{"@type":"ListItem","position":2,"name":"Consentimento para a rece\u00e7\u00e3o e armazenamento de curricula"}]},{"@type":"WebSite","@id":"https:\/\/sineldent.com\/#website","url":"https:\/\/sineldent.com\/","name":"SINELDENT\u00ae","description":"Fabricantes de sonrisas desde 2009","publisher":{"@id":"https:\/\/sineldent.com\/#organization"},"potentialAction":[{"@type":"SearchAction","target":{"@type":"EntryPoint","urlTemplate":"https:\/\/sineldent.com\/?s={search_term_string}"},"query-input":"required name=search_term_string"}],"inLanguage":"pt-PT"},{"@type":"Organization","@id":"https:\/\/sineldent.com\/#organization","name":"SINELDENT","url":"https:\/\/sineldent.com\/","logo":{"@type":"ImageObject","inLanguage":"pt-PT","@id":"https:\/\/sineldent.com\/#\/schema\/logo\/image\/","url":"https:\/\/sineldent.com\/wp-content\/uploads\/2020\/10\/logo-_fb.png","contentUrl":"https:\/\/sineldent.com\/wp-content\/uploads\/2020\/10\/logo-_fb.png","width":1201,"height":631,"caption":"SINELDENT"},"image":{"@id":"https:\/\/sineldent.com\/#\/schema\/logo\/image\/"},"sameAs":["https:\/\/www.facebook.com\/sineldent\/","https:\/\/www.instagram.com\/sineldent\/","https:\/\/www.linkedin.com\/company\/sineldent\/","https:\/\/www.youtube.com\/channel\/UCnTiyo871wm4bh5ysR3HQQw"]}]}},"_links":{"self":[{"href":"https:\/\/sineldent.com\/pt-pt\/wp-json\/wp\/v2\/pages\/4545","targetHints":{"allow":["GET"]}}],"collection":[{"href":"https:\/\/sineldent.com\/pt-pt\/wp-json\/wp\/v2\/pages"}],"about":[{"href":"https:\/\/sineldent.com\/pt-pt\/wp-json\/wp\/v2\/types\/page"}],"author":[{"embeddable":true,"href":"https:\/\/sineldent.com\/pt-pt\/wp-json\/wp\/v2\/users\/1"}],"replies":[{"embeddable":true,"href":"https:\/\/sineldent.com\/pt-pt\/wp-json\/wp\/v2\/comments?post=4545"}],"version-history":[{"count":1,"href":"https:\/\/sineldent.com\/pt-pt\/wp-json\/wp\/v2\/pages\/4545\/revisions"}],"predecessor-version":[{"id":8057,"href":"https:\/\/sineldent.com\/pt-pt\/wp-json\/wp\/v2\/pages\/4545\/revisions\/8057"}],"wp:attachment":[{"href":"https:\/\/sineldent.com\/pt-pt\/wp-json\/wp\/v2\/media?parent=4545"}],"curies":[{"name":"wp","href":"https:\/\/api.w.org\/{rel}","templated":true}]}}