{"id":4345,"date":"2018-04-03T14:31:16","date_gmt":"2018-04-03T12:31:16","guid":{"rendered":"https:\/\/sineldent.com\/avisos-legales\/"},"modified":"2020-10-06T16:45:34","modified_gmt":"2020-10-06T14:45:34","slug":"aviso-legal","status":"publish","type":"page","link":"https:\/\/sineldent.com\/pt-pt\/aviso-legal\/","title":{"rendered":"Aviso legal e condi\u00e7\u00f5es de utiliza\u00e7\u00e3o"},"content":{"rendered":"[vc_row foundry_padding=&#8221;pt0 pb0&#8243; css=&#8221;.vc_custom_1546520318730{padding-top: 50px !important;padding-bottom: 30px !important;background-image: url(https:\/\/sineldent.com\/wp-content\/uploads\/revslider\/es-home1\/Fondo.jpg?id=3819) !important;}&#8221;][vc_column][vc_column_text]\n<h1><span style=\"color: #fff; font-family: raleway; font-weight: bold; font-size: 20pt; text-transform: uppercase;\">Aviso legal e condi\u00e7\u00f5es de utiliza\u00e7\u00e3o<\/span><\/h1>\n[\/vc_column_text][\/vc_column][\/vc_row][vc_row][vc_column][vc_column_text]\n<h4>1.- DADOS DE IDENTIFICA\u00c7\u00c3O.<\/h4>\n<p>Ao abrigo do art.\u00ba 10.\u00ba da Lei n.\u00ba 34\/2002, de 11 de julho, de Servi\u00e7os da Sociedade de Informa\u00e7\u00e3o e Com\u00e9rcio Eletr\u00f3nico, passamos a indicar as informa\u00e7\u00f5es gerais do Site: a empresa titular do dom\u00ednio web \u00e9 SINELDENT\u00ae, S.L.U. (doravante SINELDENT\u00ae) com sede, para o efeito, em Pol\u00edgono Industrial de San Cibrao das Vi\u00f1as, calle 13, nave 34. 32901 San Cibrao das Vi\u00f1as \u2013 Ourense \u2013 Spain, n\u00famero de C.I.F.: B \u2013 85821528, matriculada na Conservat\u00f3ria do Registo Comercial de Madrid, Tomo 27.167, Folha 88, Se\u00e7\u00e3o 8, P\u00e1gina M-489439. Correio eletr\u00f3nico de contato: atencionalcliente@sineld4.imaisd.es<\/p>\n<p>A SINELDENT\u00ae tem por atividade principal a sinteriza\u00e7\u00e3o, camada a camada, por laser, DMLS, para pr\u00f3teses dent\u00e1rias, e processos de fresagem, e disp\u00f5e dos conhecimentos e equipamentos necess\u00e1rios \u00e0 presta\u00e7\u00e3o deste tipo de servi\u00e7os. Os produtos realizados pela SINELDENT\u00ae s\u00e3o produtos semielaborados, requerendo de um processo posterior antes da sua coloca\u00e7\u00e3o no mercado.<\/p>\n<h4>2.- UTILIZADORES.<\/h4>\n<p>O acesso e\/ou utiliza\u00e7\u00e3o deste portal, propriedade da SINELDENT\u00ae, atribui a condi\u00e7\u00e3o de UTILIZADOR, o qual aceita, a partir do referido acesso e\/ou utiliza\u00e7\u00e3o, as Condi\u00e7\u00f5es Gerais de Utiliza\u00e7\u00e3o aqui refletidas. As referidas Condi\u00e7\u00f5es ser\u00e3o aplic\u00e1veis independentemente das Condi\u00e7\u00f5es Gerais da Contrata\u00e7\u00e3o que, se for caso disso, sejam obrigat\u00f3rias.<\/p>\n<h4>3.- UTILIZA\u00c7\u00c3O DO PORTAL.<\/h4>\n<p>Http:\/\/www.sineld4.imaisd.es disponibiliza o acesso a informa\u00e7\u00f5es, servi\u00e7os, programas ou dados, (doravante, \u00abos conte\u00fados\u00bb) na Internet, pertencentes \u00e0 SINELDENT\u00ae a que o Utilizador possa ter acesso. O Utilizador assume a responsabilidade pela utiliza\u00e7\u00e3o do portal. Esta responsabilidade estende-se ao registo que fosse necess\u00e1rio para aceder a determinados servi\u00e7os ou conte\u00fados. No registo referido, o Utilizador ser\u00e1 respons\u00e1vel por fornecer informa\u00e7\u00f5es verdadeiras e l\u00edcitas. Na sequ\u00eancia deste registo, ao utilizador ser-lhe-\u00e1 disponibilizada uma palavra-passe, que dever\u00e1 manter confidencial, comprometendo-se a uma utiliza\u00e7\u00e3o respons\u00e1vel e diligente da mesma. O Utilizador compromete-se a fazer uso, nos termos adequados, dos conte\u00fados e servi\u00e7os que a SINELDENT\u00ae disponibiliza atrav\u00e9s do seu portal e a t\u00edtulo indicativo, mas n\u00e3o limitativo, a n\u00e3o utiliz\u00e1-los para (I) incorrer em atividades il\u00edcitas, ilegais ou contr\u00e1rias \u00e0 boa-f\u00e9 e \u00e0 ordem p\u00fablica; (II) provocar danos nos sistemas f\u00edsicos e l\u00f3gicos da SINELDENT\u00ae, dos seus fornecedores ou de terceiras pessoas, introduzir o divulgar na rede v\u00edrus inform\u00e1ticos ou qualquer outro sistema f\u00edsico ou l\u00f3gico pass\u00edvel de provocar os danos acima referidos.; (iii) tentar aceder e, se for caso disso, utilizar as contas de correio eletr\u00f3nico doutros utilizadores e alterar ou manipular os seus dados.<\/p>\n<h4>4.- PROTE\u00c7\u00c3O DE DADOS PESSOAIS.<\/h4>\n<p>As quest\u00f5es relacionadas ao tratamento de dados pessoais dos Utilizadores partilhados no Site ser\u00e3o regidas pelo estabelecido na Pol\u00edtica de Privacidade.<\/p>\n<h4>5.- PROPRIEDADE INTELECTUAL E INDUSTRIAL.<\/h4>\n<p>A SINELDENT\u00ae \u00e9 titular de todos os direitos de propriedade intelectual e industrial do seu site, bem como dos elementos constantes do mesmo (a t\u00edtulo indicativo, imagens, som, \u00e1udio, v\u00eddeo, software ou textos; marcas ou log\u00f3tipos, combina\u00e7\u00f5es de cores, estrutura e design, sele\u00e7\u00e3o de materiais usados, acesso e utiliza\u00e7\u00e3o, etc.), titularidade da SINELDENT\u00ae. Reservados todos os direitos. Por for\u00e7a do disposto nos artigos 8 e 32.1, par\u00e1grafo segundo, da Lei de Propriedade Intelectual, \u00e9 expressamente proibida a reprodu\u00e7\u00e3o, a distribui\u00e7\u00e3o e a comunica\u00e7\u00e3o p\u00fablica, inclu\u00edda a sua modalidade de disponibiliza\u00e7\u00e3o, da totalidade ou parte dos conte\u00fados deste site, com fins comerciais, em qualquer suporte e por qualquer meio t\u00e9cnico, sem a autoriza\u00e7\u00e3o da SINELDENT\u00ae. O Utilizador compromete-se a respeitar os direitos de Propriedade Intelectual e Industrial propriedade da SINELDENT\u00ae. Poder\u00e1 visualizar os elementos do Site e at\u00e9 mesmo imprimi-los, copi\u00e1-los e armazen\u00e1-los no disco r\u00edgido do seu computador ou em qualquer outro suporte f\u00edsico, desde que seja \u00fanica e exclusivamente para o seu uso pessoal e particular. O Utilizador dever\u00e1 abster-se de excluir, alterar, eludir ou manipular qualquer dispositivo de prote\u00e7\u00e3o ou sistema de seguran\u00e7a que tenha sido instalado nas p\u00e1ginas da SINELDENT\u00ae.<\/p>\n<h4>6.- V\u00cdRUS, PIRATARIA E OUTROS ATAQUES INFORM\u00c1TICOS.<\/h4>\n<p>O utilizador obriga-se a n\u00e3o realizar uma utiliza\u00e7\u00e3o indevida deste site atrav\u00e9s da introdu\u00e7\u00e3o intencional na mesma de v\u00edrus, cavalos de troia, vermes, bombas l\u00f3gicas ou qualquer outro programa ou material tecnologicamente prejudicial ou nocivo. N\u00e3o tratar\u00e1 de ter acesso n\u00e3o autorizado a este site, ao servidor em que a referida p\u00e1gina se encontra alojada, computador ou base de dados relacionada ao nosso site. Compromete-se a n\u00e3o atacar este site atrav\u00e9s de um ataque de nega\u00e7\u00e3o de servi\u00e7o ou de um ataque de nega\u00e7\u00e3o de servi\u00e7o distribu\u00eddo.<\/p>\n<p>O incumprimento desta cl\u00e1usula poder\u00e1 envolver a pr\u00e1tica de infra\u00e7\u00f5es tipificadas como crime ou infra\u00e7\u00e3o pela normativa aplic\u00e1vel. A SINELDENT\u00ae informar\u00e1 de qualquer incumprimento da referida normativa \u00e0s autoridades competentes e cooperar\u00e1 com elas com vista a esclarecer a identidade do atacante. Ainda, em caso de incumprimento da presente cl\u00e1usula, deixar\u00e1 imediatamente de estar autorizado a utilizar este site.<\/p>\n<p>A SINELDENT\u00ae n\u00e3o assumir\u00e1 qualquer responsabilidade pelos danos ou perdas que decorrerem de um ataque de nega\u00e7\u00e3o de servi\u00e7o, v\u00edrus ou qualquer outro programa ou material tecnologicamente prejudicial ou nocivo que possa afetar ao seu computador, dados ou materiais na sequ\u00eancia da utiliza\u00e7\u00e3o deste site ou da transfer\u00eancia de conte\u00fados a partir da mesma ou para os quais possa reencaminhar a mesma.<\/p>\n<p>A SINELDENT\u00ae n\u00e3o responder\u00e1 pelas interrup\u00e7\u00f5es que decorram dos servi\u00e7os el\u00e9tricos ou de telecomunica\u00e7\u00f5es que impe\u00e7am os Utilizadores de utilizar os servi\u00e7os oferecidos.<\/p>\n<h4>7.- EXCLUS\u00c3O DE GARANTIAS E RESPONSABILIDADE.<\/h4>\n<p>A SINELDENT\u00ae n\u00e3o assume qualquer responsabilidade, em caso nenhum, pelos danos e preju\u00edzos de qualquer natureza que, a t\u00edtulo indicativo, pudessem causar: erros ou omiss\u00f5es nos conte\u00fados, falta de disponibilidade do portal ou a transmiss\u00e3o de v\u00edrus, malwares ou programas lesivos nos conte\u00fados, muito embora se tenham tomado as medidas tecnol\u00f3gicas necess\u00e1rias para o evitar.<\/p>\n<h4>8.- MODIFICA\u00c7\u00d5ES.<\/h4>\n<p>A SINELDENT\u00ae reserva-se o direito de efetuar sem aviso pr\u00e9vio as altera\u00e7\u00f5es que considere adequadas no seu portal, podendo vir a alterar, suprimir ou acrescentar tanto os conte\u00fados e servi\u00e7os disponibilizados atrav\u00e9s do mesmo quanto a forma em que estes forem apresentados ou localizados no seu portal.<\/p>\n<h4>9.- LINKS.<\/h4>\n<p>No caso de que na https:\/\/www.sineld4.imaisd.es fossem partilhados links ou hiperlinks para outros sites da Internet, a SINELDENT\u00ae n\u00e3o exercer\u00e1 qualquer tipo de controlo sobre os referidos sites e conte\u00fados. A SINELDENT\u00ae n\u00e3o assumir\u00e1, em nenhum caso, qualquer responsabilidade pelos conte\u00fados de nenhum link pertencente a um site alheio, nem garantir\u00e1 a disponibilidade t\u00e9cnica, qualidade, fiabilidade, exatid\u00e3o, amplitude, veracidade, validade e constitucionalidade de qualquer material ou informa\u00e7\u00f5es constantes dos referidos hiperlinks ou outros sites da Internet. Igualmente, a inclus\u00e3o destas liga\u00e7\u00f5es externas n\u00e3o envolver\u00e1 qualquer tipo de associa\u00e7\u00e3o, fus\u00e3o ou participa\u00e7\u00e3o com as entidades ligadas.<\/p>\n<h4>10.- DIREITO DE EXCLUS\u00c3O.<\/h4>\n<p>A SINELDENT\u00ae reserva-se o direito a denegar ou retirar o acesso ao portal e\/ou os servi\u00e7os oferecidos sem necessidade de aviso pr\u00e9vio, a pedido pr\u00f3prio ou de um terceiro, a aqueles utilizadores que incumprirem as presentes Condi\u00e7\u00f5es Gerais de Utiliza\u00e7\u00e3o.<\/p>\n<h4>11.- ALTERA\u00c7\u00d5ES \u00c0S PRESENTES CONDI\u00c7\u00d5ES E DURA\u00c7\u00c3O.<\/h4>\n<p>A SINELDENT\u00ae poder\u00e1 alterar, a qualquer momento, as condi\u00e7\u00f5es aqui apresentadas, sendo devidamente publicadas tal como aqui expressas. A vig\u00eancia das condi\u00e7\u00f5es acima mencionadas ser\u00e1 baseada na sua exposi\u00e7\u00e3o e estar\u00e3o em vigor at\u00e9 que sejam modificadas por outras devidamente publicadas.<\/p>\n<h4>12.- LEGISLA\u00c7\u00c3O APLIC\u00c1VEL E JURISDI\u00c7\u00c3O.<\/h4>\n<p>A rela\u00e7\u00e3o entre a SINELDENT\u00ae e o UTILIZADOR ser\u00e1 regida pelo estipulado na legisla\u00e7\u00e3o espanhola em vigor e ficam eleitos, para dirimir qualquer controv\u00e9rsia, os julgados e tribunais da cidade de Ourense.[\/vc_column_text][\/vc_column][\/vc_row]\n","protected":false},"excerpt":{"rendered":"<p>[vc_row foundry_padding=&#8221;pt0 pb0&#8243; css=&#8221;.vc_custom_1546520318730{padding-top: 50px !important;padding-bottom: 30px !important;background-image: url(https:\/\/sineldent.com\/wp-content\/uploads\/revslider\/es-home1\/Fondo.jpg?id=3819) !important;}&#8221;][vc_column][vc_column_text] Aviso legal e condi\u00e7\u00f5es de utiliza\u00e7\u00e3o [\/vc_column_text][\/vc_column][\/vc_row][vc_row][vc_column][vc_column_text] 1.- DADOS DE IDENTIFICA\u00c7\u00c3O&#8230;.<\/p>\n","protected":false},"author":1,"featured_media":0,"parent":0,"menu_order":0,"comment_status":"closed","ping_status":"closed","template":"","meta":{"_mc_calendar":[],"footnotes":"","_links_to":"","_links_to_target":""},"class_list":["post-4345","page","type-page","status-publish","hentry"],"yoast_head":"<!-- This site is optimized with the Yoast SEO plugin v21.7 - https:\/\/yoast.com\/wordpress\/plugins\/seo\/ -->\n<title>Aviso legal e condi\u00e7\u00f5es de utiliza\u00e7\u00e3o - SINELDENT\u00ae<\/title>\n<meta name=\"robots\" content=\"noindex, nofollow\" \/>\n<meta property=\"og:locale\" content=\"pt_PT\" \/>\n<meta property=\"og:type\" content=\"article\" \/>\n<meta property=\"og:title\" content=\"Aviso legal e condi\u00e7\u00f5es de utiliza\u00e7\u00e3o - SINELDENT\u00ae\" \/>\n<meta property=\"og:description\" content=\"[vc_row foundry_padding=&#8221;pt0 pb0&#8243; css=&#8221;.vc_custom_1546520318730{padding-top: 50px !important;padding-bottom: 30px !important;background-image: url(https:\/\/sineldent.com\/wp-content\/uploads\/revslider\/es-home1\/Fondo.jpg?id=3819) !important;}&#8221;][vc_column][vc_column_text] Aviso legal e condi\u00e7\u00f5es de utiliza\u00e7\u00e3o [\/vc_column_text][\/vc_column][\/vc_row][vc_row][vc_column][vc_column_text] 1.- DADOS DE IDENTIFICA\u00c7\u00c3O....\" \/>\n<meta property=\"og:url\" content=\"https:\/\/sineldent.com\/pt-pt\/aviso-legal\/\" \/>\n<meta property=\"og:site_name\" content=\"SINELDENT\u00ae\" \/>\n<meta property=\"article:publisher\" content=\"https:\/\/www.facebook.com\/sineldent\/\" \/>\n<meta property=\"article:modified_time\" content=\"2020-10-06T14:45:34+00:00\" \/>\n<meta name=\"twitter:card\" content=\"summary_large_image\" \/>\n<meta name=\"twitter:label1\" content=\"Tempo estimado de leitura\" \/>\n\t<meta name=\"twitter:data1\" content=\"7 minutos\" \/>\n<script type=\"application\/ld+json\" class=\"yoast-schema-graph\">{\"@context\":\"https:\/\/schema.org\",\"@graph\":[{\"@type\":\"WebPage\",\"@id\":\"https:\/\/sineldent.com\/pt-pt\/aviso-legal\/\",\"url\":\"https:\/\/sineldent.com\/pt-pt\/aviso-legal\/\",\"name\":\"Aviso legal e condi\u00e7\u00f5es de utiliza\u00e7\u00e3o - SINELDENT\u00ae\",\"isPartOf\":{\"@id\":\"https:\/\/sineldent.com\/#website\"},\"datePublished\":\"2018-04-03T12:31:16+00:00\",\"dateModified\":\"2020-10-06T14:45:34+00:00\",\"breadcrumb\":{\"@id\":\"https:\/\/sineldent.com\/pt-pt\/aviso-legal\/#breadcrumb\"},\"inLanguage\":\"pt-PT\",\"potentialAction\":[{\"@type\":\"ReadAction\",\"target\":[\"https:\/\/sineldent.com\/pt-pt\/aviso-legal\/\"]}]},{\"@type\":\"BreadcrumbList\",\"@id\":\"https:\/\/sineldent.com\/pt-pt\/aviso-legal\/#breadcrumb\",\"itemListElement\":[{\"@type\":\"ListItem\",\"position\":1,\"name\":\"Portada\",\"item\":\"https:\/\/sineldent.com\/pt-pt\/\"},{\"@type\":\"ListItem\",\"position\":2,\"name\":\"Aviso legal e condi\u00e7\u00f5es de utiliza\u00e7\u00e3o\"}]},{\"@type\":\"WebSite\",\"@id\":\"https:\/\/sineldent.com\/#website\",\"url\":\"https:\/\/sineldent.com\/\",\"name\":\"SINELDENT\u00ae\",\"description\":\"Fabricantes de sonrisas desde 2009\",\"publisher\":{\"@id\":\"https:\/\/sineldent.com\/#organization\"},\"potentialAction\":[{\"@type\":\"SearchAction\",\"target\":{\"@type\":\"EntryPoint\",\"urlTemplate\":\"https:\/\/sineldent.com\/?s={search_term_string}\"},\"query-input\":\"required name=search_term_string\"}],\"inLanguage\":\"pt-PT\"},{\"@type\":\"Organization\",\"@id\":\"https:\/\/sineldent.com\/#organization\",\"name\":\"SINELDENT\",\"url\":\"https:\/\/sineldent.com\/\",\"logo\":{\"@type\":\"ImageObject\",\"inLanguage\":\"pt-PT\",\"@id\":\"https:\/\/sineldent.com\/#\/schema\/logo\/image\/\",\"url\":\"https:\/\/sineldent.com\/wp-content\/uploads\/2020\/10\/logo-_fb.png\",\"contentUrl\":\"https:\/\/sineldent.com\/wp-content\/uploads\/2020\/10\/logo-_fb.png\",\"width\":1201,\"height\":631,\"caption\":\"SINELDENT\"},\"image\":{\"@id\":\"https:\/\/sineldent.com\/#\/schema\/logo\/image\/\"},\"sameAs\":[\"https:\/\/www.facebook.com\/sineldent\/\",\"https:\/\/www.instagram.com\/sineldent\/\",\"https:\/\/www.linkedin.com\/company\/sineldent\/\",\"https:\/\/www.youtube.com\/channel\/UCnTiyo871wm4bh5ysR3HQQw\"]}]}<\/script>\n<!-- \/ Yoast SEO plugin. -->","yoast_head_json":{"title":"Aviso legal e condi\u00e7\u00f5es de utiliza\u00e7\u00e3o - SINELDENT\u00ae","robots":{"index":"noindex","follow":"nofollow"},"og_locale":"pt_PT","og_type":"article","og_title":"Aviso legal e condi\u00e7\u00f5es de utiliza\u00e7\u00e3o - SINELDENT\u00ae","og_description":"[vc_row foundry_padding=&#8221;pt0 pb0&#8243; css=&#8221;.vc_custom_1546520318730{padding-top: 50px !important;padding-bottom: 30px !important;background-image: url(https:\/\/sineldent.com\/wp-content\/uploads\/revslider\/es-home1\/Fondo.jpg?id=3819) !important;}&#8221;][vc_column][vc_column_text] Aviso legal e condi\u00e7\u00f5es de utiliza\u00e7\u00e3o [\/vc_column_text][\/vc_column][\/vc_row][vc_row][vc_column][vc_column_text] 1.- DADOS DE IDENTIFICA\u00c7\u00c3O....","og_url":"https:\/\/sineldent.com\/pt-pt\/aviso-legal\/","og_site_name":"SINELDENT\u00ae","article_publisher":"https:\/\/www.facebook.com\/sineldent\/","article_modified_time":"2020-10-06T14:45:34+00:00","twitter_card":"summary_large_image","twitter_misc":{"Tempo estimado de leitura":"7 minutos"},"schema":{"@context":"https:\/\/schema.org","@graph":[{"@type":"WebPage","@id":"https:\/\/sineldent.com\/pt-pt\/aviso-legal\/","url":"https:\/\/sineldent.com\/pt-pt\/aviso-legal\/","name":"Aviso legal e condi\u00e7\u00f5es de utiliza\u00e7\u00e3o - SINELDENT\u00ae","isPartOf":{"@id":"https:\/\/sineldent.com\/#website"},"datePublished":"2018-04-03T12:31:16+00:00","dateModified":"2020-10-06T14:45:34+00:00","breadcrumb":{"@id":"https:\/\/sineldent.com\/pt-pt\/aviso-legal\/#breadcrumb"},"inLanguage":"pt-PT","potentialAction":[{"@type":"ReadAction","target":["https:\/\/sineldent.com\/pt-pt\/aviso-legal\/"]}]},{"@type":"BreadcrumbList","@id":"https:\/\/sineldent.com\/pt-pt\/aviso-legal\/#breadcrumb","itemListElement":[{"@type":"ListItem","position":1,"name":"Portada","item":"https:\/\/sineldent.com\/pt-pt\/"},{"@type":"ListItem","position":2,"name":"Aviso legal e condi\u00e7\u00f5es de utiliza\u00e7\u00e3o"}]},{"@type":"WebSite","@id":"https:\/\/sineldent.com\/#website","url":"https:\/\/sineldent.com\/","name":"SINELDENT\u00ae","description":"Fabricantes de sonrisas desde 2009","publisher":{"@id":"https:\/\/sineldent.com\/#organization"},"potentialAction":[{"@type":"SearchAction","target":{"@type":"EntryPoint","urlTemplate":"https:\/\/sineldent.com\/?s={search_term_string}"},"query-input":"required name=search_term_string"}],"inLanguage":"pt-PT"},{"@type":"Organization","@id":"https:\/\/sineldent.com\/#organization","name":"SINELDENT","url":"https:\/\/sineldent.com\/","logo":{"@type":"ImageObject","inLanguage":"pt-PT","@id":"https:\/\/sineldent.com\/#\/schema\/logo\/image\/","url":"https:\/\/sineldent.com\/wp-content\/uploads\/2020\/10\/logo-_fb.png","contentUrl":"https:\/\/sineldent.com\/wp-content\/uploads\/2020\/10\/logo-_fb.png","width":1201,"height":631,"caption":"SINELDENT"},"image":{"@id":"https:\/\/sineldent.com\/#\/schema\/logo\/image\/"},"sameAs":["https:\/\/www.facebook.com\/sineldent\/","https:\/\/www.instagram.com\/sineldent\/","https:\/\/www.linkedin.com\/company\/sineldent\/","https:\/\/www.youtube.com\/channel\/UCnTiyo871wm4bh5ysR3HQQw"]}]}},"_links":{"self":[{"href":"https:\/\/sineldent.com\/pt-pt\/wp-json\/wp\/v2\/pages\/4345","targetHints":{"allow":["GET"]}}],"collection":[{"href":"https:\/\/sineldent.com\/pt-pt\/wp-json\/wp\/v2\/pages"}],"about":[{"href":"https:\/\/sineldent.com\/pt-pt\/wp-json\/wp\/v2\/types\/page"}],"author":[{"embeddable":true,"href":"https:\/\/sineldent.com\/pt-pt\/wp-json\/wp\/v2\/users\/1"}],"replies":[{"embeddable":true,"href":"https:\/\/sineldent.com\/pt-pt\/wp-json\/wp\/v2\/comments?post=4345"}],"version-history":[{"count":1,"href":"https:\/\/sineldent.com\/pt-pt\/wp-json\/wp\/v2\/pages\/4345\/revisions"}],"predecessor-version":[{"id":8060,"href":"https:\/\/sineldent.com\/pt-pt\/wp-json\/wp\/v2\/pages\/4345\/revisions\/8060"}],"wp:attachment":[{"href":"https:\/\/sineldent.com\/pt-pt\/wp-json\/wp\/v2\/media?parent=4345"}],"curies":[{"name":"wp","href":"https:\/\/api.w.org\/{rel}","templated":true}]}}