{"id":4340,"date":"2018-04-03T19:01:43","date_gmt":"2018-04-03T17:01:43","guid":{"rendered":"https:\/\/sineldent.com\/politica-de-privacidad\/"},"modified":"2020-10-06T16:46:20","modified_gmt":"2020-10-06T14:46:20","slug":"politica-de-privacidade","status":"publish","type":"page","link":"https:\/\/sineldent.com\/pt-pt\/politica-de-privacidade\/","title":{"rendered":"Politica de privacidade"},"content":{"rendered":"[vc_row foundry_padding=&#8221;pt0 pb0&#8243; css=&#8221;.vc_custom_1546520534562{padding-top: 50px !important;padding-bottom: 30px !important;background-image: url(https:\/\/sineldent.com\/wp-content\/uploads\/revslider\/es-home11\/Fondo.jpg?id=3883) !important;}&#8221;][vc_column][vc_column_text]\n<h1><span style=\"color: #fff; font-family: raleway; font-weight: bold; font-size: 20pt; text-transform: uppercase;\">Politica de privacidade<\/span><\/h1>\n[\/vc_column_text][\/vc_column][\/vc_row][vc_row][vc_column][vc_column_text]\n<h4>1. Conte\u00fado e aceita\u00e7\u00e3o da pol\u00edtica de privacidade.<\/h4>\n<ul>\n<li>Em conformidade com o disposto na norma em vigor e no novo Regulamento Geral de Prote\u00e7\u00e3o de Dados 2016\/679 de 27 de abril de 2018, atrav\u00e9s da presente Pol\u00edtica de Privacidade informamos do modo em que a Sineldent S.L.U., a respons\u00e1vel pelo tratamento, recolhe, trata e protege os dados pessoais necess\u00e1rios para come\u00e7ar a rela\u00e7\u00e3o contratual e fornecidos por si de forma volunt\u00e1ria e livre atrav\u00e9s do Site. S\u00e3o, ainda, disponibilizados os meios necess\u00e1rios ao exerc\u00edcio dos seus direitos de acesso, retifica\u00e7\u00e3o, supress\u00e3o, limita\u00e7\u00e3o, portabilidade e oposi\u00e7\u00e3o no momento em que o desejar, atrav\u00e9s das op\u00e7\u00f5es dispon\u00edveis no Site, bem como atrav\u00e9s de correio eletr\u00f3nico para <a href=\"mailto:rgpd@sineldent.com\">rgpd@sineldent.com<\/a>\u00a0e o endere\u00e7o postal\u00a0<em>Pol\u00edgono Industrial de San Cibrao das Vi\u00f1as, calle 13, nave 34. 32901 San Cibrao das Vi\u00f1as &#8211; Ourense \u2013 Spain<\/em>, anexando a fotoc\u00f3pia do CC.<\/li>\n<li>O tratamento dos dados que nos fornece ser\u00e1 leg\u00edtimo uma vez que nos tenha dado o seu consentimento expresso para o mesmo atrav\u00e9s das vias disponibilizadas no site para os fins indicados no ponto 3.<\/li>\n<li>Al\u00e9m disso, informamos que ao manifestar o seu consentimento est\u00e1 a aceitar esta Pol\u00edtica de Privacidade. No Contrato de Presta\u00e7\u00e3o de Servi\u00e7os s\u00e3o inclu\u00eddas informa\u00e7\u00f5es adicionais.<\/li>\n<li>Na sequ\u00eancia de eventuais exig\u00eancias legislativas, novidades ou necessidades espec\u00edficas da empresa poder\u00e3o ser efetuadas altera\u00e7\u00f5es \u00e0 referida pol\u00edtica, por isso, recomendamos que leia cuidadosamente a presente Pol\u00edtica de Privacidade cada vez que pretenda utilizar o Site.<\/li>\n<li>O acesso e utiliza\u00e7\u00e3o do Site envolve o compromisso do Utilizador no sentido de fazer um uso respons\u00e1vel e diligente, bem como fornecer informa\u00e7\u00f5es verdadeiras e l\u00edcitas.<\/li>\n<li>Lembramos-lhe que a transmiss\u00e3o de informa\u00e7\u00f5es atrav\u00e9s da Internet n\u00e3o \u00e9 totalmente segura. Por isso, e muito embora o nosso empenho em proteger os seus dados, n\u00e3o podemos garantir a seguran\u00e7a dos mesmos no momento em que forem partilhados no Site, sendo que caber\u00e1 ao utilizador assumir a responsabilidade decorrente da referida partilha.<\/li>\n<li>Informamos que implement\u00e1mos e mantemos os mais elevados n\u00edveis de seguran\u00e7a para proteger os seus dados pessoais face a perdas fortuitas, acessos ou tratamentos n\u00e3o autorizados, tendo em conta o estado da tecnologia, a natureza dos dados armazenados e os riscos a que est\u00e3o expostos.<\/li>\n<\/ul>\n<h4>2. Comunica\u00e7\u00f5es a terceiros. Confidencialidade.<\/h4>\n<p>Garantimos a absoluta confidencialidade das informa\u00e7\u00f5es relativas aos seus dados pessoais sendo que s\u00e3o comunicados a terceiros apenas se a referida informa\u00e7\u00e3o se torna imprescind\u00edvel para a presta\u00e7\u00e3o dos servi\u00e7os.<\/p>\n<h4>3. Finalidade do tratamento dos seus dados:<\/h4>\n<ul>\n<li>Gerir a sua navega\u00e7\u00e3o atrav\u00e9s do Site.<\/li>\n<li>Manter a rela\u00e7\u00e3o contratual consigo para a presta\u00e7\u00e3o dos servi\u00e7os pr\u00f3prios da SINELDENT, S.L.U., bem como a gest\u00e3o legal, contabil\u00edstica, fiscal e administrativa.<\/li>\n<li>Poder entrar em contato consigo atrav\u00e9s de correio eletr\u00f3nico e telefone para dar uma resposta aos seus pedidos, mant\u00ea-lo informado sobre os nossos produtos e servi\u00e7os, e convid\u00e1-lo a eventos organizados pela SINELDENT<sub>\u00ae<\/sub> ou, nos quais, a SINELDENT<sub>\u00ae<\/sub> venha a participar.<\/li>\n<li>Realizar inqu\u00e9ritos sobre a qualidade dos produtos e servi\u00e7os que oferecemos com o objetivo de os melhorar, bem como para realizar a\u00e7\u00f5es de fideliza\u00e7\u00e3o.<\/li>\n<\/ul>\n<h4>4. Conserva\u00e7\u00e3o dos dados.<\/h4>\n<p>Os dados fornecidos ser\u00e3o conservados enquanto mantenhamos a rela\u00e7\u00e3o contratual que motivou o seu tratamento e durante os anos necess\u00e1rios ao cumprimento das obriga\u00e7\u00f5es legais.<\/p>\n<h4>5. Cookies<\/h4>\n<p>Tal como outros portais de Internet, o Site utiliza uma tecnologia chamada \u00abcookies\u00bb que tem por objetivo a recolha de informa\u00e7\u00f5es respeitantes \u00e0 forma como se utiliza o Site. Se desejar obter informa\u00e7\u00f5es em pormenor sobre como a SINELDENT<sub>\u00ae<\/sub> utiliza os cookies, consulte a <a href=\"\/pt-pt\/politica-de-cookies\/\">Pol\u00edtica de Cookies<\/a>.[\/vc_column_text][\/vc_column][\/vc_row]\n","protected":false},"excerpt":{"rendered":"<p>[vc_row foundry_padding=&#8221;pt0 pb0&#8243; css=&#8221;.vc_custom_1546520534562{padding-top: 50px !important;padding-bottom: 30px !important;background-image: url(https:\/\/sineldent.com\/wp-content\/uploads\/revslider\/es-home11\/Fondo.jpg?id=3883) !important;}&#8221;][vc_column][vc_column_text] Politica de privacidade [\/vc_column_text][\/vc_column][\/vc_row][vc_row][vc_column][vc_column_text] 1. Conte\u00fado e aceita\u00e7\u00e3o da pol\u00edtica de&#8230;<\/p>\n","protected":false},"author":1,"featured_media":0,"parent":0,"menu_order":0,"comment_status":"closed","ping_status":"closed","template":"","meta":{"_mc_calendar":[],"footnotes":"","_links_to":"","_links_to_target":""},"class_list":["post-4340","page","type-page","status-publish","hentry"],"yoast_head":"<!-- This site is optimized with the Yoast SEO plugin v21.7 - https:\/\/yoast.com\/wordpress\/plugins\/seo\/ -->\n<title>Politica de privacidade - SINELDENT\u00ae<\/title>\n<meta name=\"robots\" content=\"noindex, nofollow\" \/>\n<meta property=\"og:locale\" content=\"pt_PT\" \/>\n<meta property=\"og:type\" content=\"article\" \/>\n<meta property=\"og:title\" content=\"Politica de privacidade - SINELDENT\u00ae\" \/>\n<meta property=\"og:description\" content=\"[vc_row foundry_padding=&#8221;pt0 pb0&#8243; css=&#8221;.vc_custom_1546520534562{padding-top: 50px !important;padding-bottom: 30px !important;background-image: url(https:\/\/sineldent.com\/wp-content\/uploads\/revslider\/es-home11\/Fondo.jpg?id=3883) !important;}&#8221;][vc_column][vc_column_text] Politica de privacidade [\/vc_column_text][\/vc_column][\/vc_row][vc_row][vc_column][vc_column_text] 1. Conte\u00fado e aceita\u00e7\u00e3o da pol\u00edtica de...\" \/>\n<meta property=\"og:url\" content=\"https:\/\/sineldent.com\/pt-pt\/politica-de-privacidade\/\" \/>\n<meta property=\"og:site_name\" content=\"SINELDENT\u00ae\" \/>\n<meta property=\"article:publisher\" content=\"https:\/\/www.facebook.com\/sineldent\/\" \/>\n<meta property=\"article:modified_time\" content=\"2020-10-06T14:46:20+00:00\" \/>\n<meta name=\"twitter:card\" content=\"summary_large_image\" \/>\n<meta name=\"twitter:label1\" content=\"Tempo estimado de leitura\" \/>\n\t<meta name=\"twitter:data1\" content=\"4 minutos\" \/>\n<script type=\"application\/ld+json\" class=\"yoast-schema-graph\">{\"@context\":\"https:\/\/schema.org\",\"@graph\":[{\"@type\":\"WebPage\",\"@id\":\"https:\/\/sineldent.com\/pt-pt\/politica-de-privacidade\/\",\"url\":\"https:\/\/sineldent.com\/pt-pt\/politica-de-privacidade\/\",\"name\":\"Politica de privacidade - SINELDENT\u00ae\",\"isPartOf\":{\"@id\":\"https:\/\/sineldent.com\/#website\"},\"datePublished\":\"2018-04-03T17:01:43+00:00\",\"dateModified\":\"2020-10-06T14:46:20+00:00\",\"breadcrumb\":{\"@id\":\"https:\/\/sineldent.com\/pt-pt\/politica-de-privacidade\/#breadcrumb\"},\"inLanguage\":\"pt-PT\",\"potentialAction\":[{\"@type\":\"ReadAction\",\"target\":[\"https:\/\/sineldent.com\/pt-pt\/politica-de-privacidade\/\"]}]},{\"@type\":\"BreadcrumbList\",\"@id\":\"https:\/\/sineldent.com\/pt-pt\/politica-de-privacidade\/#breadcrumb\",\"itemListElement\":[{\"@type\":\"ListItem\",\"position\":1,\"name\":\"Portada\",\"item\":\"https:\/\/sineldent.com\/pt-pt\/\"},{\"@type\":\"ListItem\",\"position\":2,\"name\":\"Politica de privacidade\"}]},{\"@type\":\"WebSite\",\"@id\":\"https:\/\/sineldent.com\/#website\",\"url\":\"https:\/\/sineldent.com\/\",\"name\":\"SINELDENT\u00ae\",\"description\":\"Fabricantes de sonrisas desde 2009\",\"publisher\":{\"@id\":\"https:\/\/sineldent.com\/#organization\"},\"potentialAction\":[{\"@type\":\"SearchAction\",\"target\":{\"@type\":\"EntryPoint\",\"urlTemplate\":\"https:\/\/sineldent.com\/?s={search_term_string}\"},\"query-input\":\"required name=search_term_string\"}],\"inLanguage\":\"pt-PT\"},{\"@type\":\"Organization\",\"@id\":\"https:\/\/sineldent.com\/#organization\",\"name\":\"SINELDENT\",\"url\":\"https:\/\/sineldent.com\/\",\"logo\":{\"@type\":\"ImageObject\",\"inLanguage\":\"pt-PT\",\"@id\":\"https:\/\/sineldent.com\/#\/schema\/logo\/image\/\",\"url\":\"https:\/\/sineldent.com\/wp-content\/uploads\/2020\/10\/logo-_fb.png\",\"contentUrl\":\"https:\/\/sineldent.com\/wp-content\/uploads\/2020\/10\/logo-_fb.png\",\"width\":1201,\"height\":631,\"caption\":\"SINELDENT\"},\"image\":{\"@id\":\"https:\/\/sineldent.com\/#\/schema\/logo\/image\/\"},\"sameAs\":[\"https:\/\/www.facebook.com\/sineldent\/\",\"https:\/\/www.instagram.com\/sineldent\/\",\"https:\/\/www.linkedin.com\/company\/sineldent\/\",\"https:\/\/www.youtube.com\/channel\/UCnTiyo871wm4bh5ysR3HQQw\"]}]}<\/script>\n<!-- \/ Yoast SEO plugin. -->","yoast_head_json":{"title":"Politica de privacidade - SINELDENT\u00ae","robots":{"index":"noindex","follow":"nofollow"},"og_locale":"pt_PT","og_type":"article","og_title":"Politica de privacidade - SINELDENT\u00ae","og_description":"[vc_row foundry_padding=&#8221;pt0 pb0&#8243; css=&#8221;.vc_custom_1546520534562{padding-top: 50px !important;padding-bottom: 30px !important;background-image: url(https:\/\/sineldent.com\/wp-content\/uploads\/revslider\/es-home11\/Fondo.jpg?id=3883) !important;}&#8221;][vc_column][vc_column_text] Politica de privacidade [\/vc_column_text][\/vc_column][\/vc_row][vc_row][vc_column][vc_column_text] 1. Conte\u00fado e aceita\u00e7\u00e3o da pol\u00edtica de...","og_url":"https:\/\/sineldent.com\/pt-pt\/politica-de-privacidade\/","og_site_name":"SINELDENT\u00ae","article_publisher":"https:\/\/www.facebook.com\/sineldent\/","article_modified_time":"2020-10-06T14:46:20+00:00","twitter_card":"summary_large_image","twitter_misc":{"Tempo estimado de leitura":"4 minutos"},"schema":{"@context":"https:\/\/schema.org","@graph":[{"@type":"WebPage","@id":"https:\/\/sineldent.com\/pt-pt\/politica-de-privacidade\/","url":"https:\/\/sineldent.com\/pt-pt\/politica-de-privacidade\/","name":"Politica de privacidade - SINELDENT\u00ae","isPartOf":{"@id":"https:\/\/sineldent.com\/#website"},"datePublished":"2018-04-03T17:01:43+00:00","dateModified":"2020-10-06T14:46:20+00:00","breadcrumb":{"@id":"https:\/\/sineldent.com\/pt-pt\/politica-de-privacidade\/#breadcrumb"},"inLanguage":"pt-PT","potentialAction":[{"@type":"ReadAction","target":["https:\/\/sineldent.com\/pt-pt\/politica-de-privacidade\/"]}]},{"@type":"BreadcrumbList","@id":"https:\/\/sineldent.com\/pt-pt\/politica-de-privacidade\/#breadcrumb","itemListElement":[{"@type":"ListItem","position":1,"name":"Portada","item":"https:\/\/sineldent.com\/pt-pt\/"},{"@type":"ListItem","position":2,"name":"Politica de privacidade"}]},{"@type":"WebSite","@id":"https:\/\/sineldent.com\/#website","url":"https:\/\/sineldent.com\/","name":"SINELDENT\u00ae","description":"Fabricantes de sonrisas desde 2009","publisher":{"@id":"https:\/\/sineldent.com\/#organization"},"potentialAction":[{"@type":"SearchAction","target":{"@type":"EntryPoint","urlTemplate":"https:\/\/sineldent.com\/?s={search_term_string}"},"query-input":"required name=search_term_string"}],"inLanguage":"pt-PT"},{"@type":"Organization","@id":"https:\/\/sineldent.com\/#organization","name":"SINELDENT","url":"https:\/\/sineldent.com\/","logo":{"@type":"ImageObject","inLanguage":"pt-PT","@id":"https:\/\/sineldent.com\/#\/schema\/logo\/image\/","url":"https:\/\/sineldent.com\/wp-content\/uploads\/2020\/10\/logo-_fb.png","contentUrl":"https:\/\/sineldent.com\/wp-content\/uploads\/2020\/10\/logo-_fb.png","width":1201,"height":631,"caption":"SINELDENT"},"image":{"@id":"https:\/\/sineldent.com\/#\/schema\/logo\/image\/"},"sameAs":["https:\/\/www.facebook.com\/sineldent\/","https:\/\/www.instagram.com\/sineldent\/","https:\/\/www.linkedin.com\/company\/sineldent\/","https:\/\/www.youtube.com\/channel\/UCnTiyo871wm4bh5ysR3HQQw"]}]}},"_links":{"self":[{"href":"https:\/\/sineldent.com\/pt-pt\/wp-json\/wp\/v2\/pages\/4340","targetHints":{"allow":["GET"]}}],"collection":[{"href":"https:\/\/sineldent.com\/pt-pt\/wp-json\/wp\/v2\/pages"}],"about":[{"href":"https:\/\/sineldent.com\/pt-pt\/wp-json\/wp\/v2\/types\/page"}],"author":[{"embeddable":true,"href":"https:\/\/sineldent.com\/pt-pt\/wp-json\/wp\/v2\/users\/1"}],"replies":[{"embeddable":true,"href":"https:\/\/sineldent.com\/pt-pt\/wp-json\/wp\/v2\/comments?post=4340"}],"version-history":[{"count":1,"href":"https:\/\/sineldent.com\/pt-pt\/wp-json\/wp\/v2\/pages\/4340\/revisions"}],"predecessor-version":[{"id":8062,"href":"https:\/\/sineldent.com\/pt-pt\/wp-json\/wp\/v2\/pages\/4340\/revisions\/8062"}],"wp:attachment":[{"href":"https:\/\/sineldent.com\/pt-pt\/wp-json\/wp\/v2\/media?parent=4340"}],"curies":[{"name":"wp","href":"https:\/\/api.w.org\/{rel}","templated":true}]}}