{"id":4235,"date":"2018-11-10T10:15:47","date_gmt":"2018-11-10T09:15:47","guid":{"rendered":"https:\/\/sineldent.com\/cursos-sineldent\/sineldent-basico-exocad\/"},"modified":"2023-01-25T10:59:23","modified_gmt":"2023-01-25T09:59:23","slug":"sineldent-basico-exocad","status":"publish","type":"page","link":"https:\/\/sineldent.com\/pt-pt\/sineldent-basico-exocad\/","title":{"rendered":"Sineldent B\u00e1sico Exocad &#8211; Ourense"},"content":{"rendered":"[vc_row foundry_padding=&#8221;pb0&#8243;][vc_column css=&#8221;.vc_custom_1551111286618{padding-right: 10px !important;}&#8221;][vc_column_text el_class=&#8221;nombre-producto basico&#8221;]\n<h1><span class=\"sinel-font\">SINELDENT<\/span><sub>\u00ae <\/sub> <strong>B\u00e1sico<\/strong> Exocad<\/h1>\n<h2><strong><i class=\"ti-pin\"> <\/i>Ourense Training Center<\/strong><\/h2>\n[\/vc_column_text][vc_separator color=&#8221;custom&#8221; border_width=&#8221;2&#8243; accent_color=&#8221;#f3f3f3&#8243; css=&#8221;.vc_custom_1551111219056{margin-top: -15px !important;padding-top: 0px !important;}&#8221;][\/vc_column][\/vc_row][vc_row gap=&#8221;20&#8243; equal_height=&#8221;yes&#8221; foundry_padding=&#8221;pt0&#8243;][vc_column width=&#8221;2\/3&#8243; css=&#8221;.vc_custom_1513771152152{padding-right: 10px !important;padding-left: 10px !important;}&#8221;][vc_video link=&#8221;https:\/\/youtu.be\/6hfiCMKMAuU&#8221; align=&#8221;center&#8221;][vc_column_text css=&#8221;.vc_custom_1569232697346{margin-top: 15px !important;margin-bottom: 0px !important;padding-top: 5px !important;padding-bottom: 0px !important;background-color: #51c9f8 !important;}&#8221;]\n<h5 style=\"text-align: center;\"><span style=\"color: #ffffff;\"><strong>OP\u00c7\u00d5ES DE RESERVA<\/strong><\/span><\/h5>\n[\/vc_column_text][vc_row_inner css=&#8221;.vc_custom_1517315921318{margin-top: -10px !important;margin-bottom: 0px !important;padding-top: 0px !important;padding-bottom: 0px !important;}&#8221;][vc_column_inner width=&#8221;1\/2&#8243; css=&#8221;.vc_custom_1513772372173{padding-right: 10px !important;}&#8221;][vc_column_text css=&#8221;.vc_custom_1569232724934{margin-bottom: 0px !important;padding-bottom: 0px !important;}&#8221;]\n<p style=\"text-align: left;\"><span style=\"font-size: 14pt;\"><b>Reserva imediata online<\/b><\/span><\/p>\n[\/vc_column_text][vc_separator color=&#8221;custom&#8221; border_width=&#8221;2&#8243; accent_color=&#8221;#f3f3f3&#8243; css=&#8221;.vc_custom_1513767574468{margin-top: -15px !important;padding-top: 0px !important;}&#8221;][vc_column_text css=&#8221;.vc_custom_1572449090402{margin-top: -20px !important;margin-bottom: 0px !important;padding-top: 0px !important;padding-bottom: 0px !important;}&#8221;]\n<p class=\"p1\" style=\"text-align: left;\"><a class=\"btn-sm btn\" href=\"mailto:atencionalcliente@sineldent.com?subject=Inscripci\u00f3n%20B\u00e1sico%20Exocad%20Orense\"><i class=\"ti-email\"> <\/i>Apoio ao cliente<br \/>\n<\/a><\/p>\n[\/vc_column_text][\/vc_column_inner][vc_column_inner width=&#8221;1\/2&#8243;][vc_column_text css=&#8221;.vc_custom_1569232738682{margin-top: 0px !important;margin-bottom: 0px !important;padding-top: 0px !important;padding-bottom: 0px !important;}&#8221;]\n<p style=\"text-align: left;\"><span style=\"font-size: 18.6667px;\"><b>Reserva via Telefone<\/b><\/span><\/p>\n[\/vc_column_text][vc_separator color=&#8221;custom&#8221; border_width=&#8221;2&#8243; accent_color=&#8221;#f3f3f3&#8243; css=&#8221;.vc_custom_1513767574468{margin-top: -15px !important;padding-top: 0px !important;}&#8221;][vc_column_text css=&#8221;.vc_custom_1517314544157{margin-top: -20px !important;padding-top: 0px !important;}&#8221;]\n<p style=\"text-align: left;\"><a class=\"btn btn-sm\" href=\"tel:+34910010287\"><i class=\"ti-mobile\"> <\/i>+34 910 010 287<\/a><\/p>\n[\/vc_column_text][\/vc_column_inner][\/vc_row_inner][\/vc_column][vc_column width=&#8221;1\/3&#8243; css=&#8221;.vc_custom_1513771109908{padding-top: 0px !important;background-color: #f3f3f3 !important;}&#8221;][vc_column_text css=&#8221;.vc_custom_1569232802808{padding-top: 5px !important;background-color: #51c9f8 !important;}&#8221;]\n<h5 style=\"text-align: center;\"><span style=\"color: #ffffff;\"><strong>PRE\u00c7O<\/strong><\/span><\/h5>\n[\/vc_column_text][vc_column_text css=&#8221;.vc_custom_1674640761567{margin-top: -15px !important;margin-bottom: -15px !important;padding-top: 0px !important;padding-right: 20px !important;padding-left: 20px !important;}&#8221;]<span style=\"color: #51c9f8; font-size: 24pt;\"><strong>Cliente: 250\u20ac<\/strong><\/span><br \/>\n<strong>(Actividade hist\u00f3rica 3 meses). O pre\u00e7o inclui pausas para caf\u00e9 e almo\u00e7o no s\u00e1bado.<\/strong><\/p>\n<p><span style=\"color: #51c9f8; font-size: 24pt;\"><strong>Nenhum Cliente: 300\u20ac<\/strong><\/span><br \/>\n<strong> O pre\u00e7o inclui pausas para caf\u00e9 e almo\u00e7o no s\u00e1bado.<\/strong>[\/vc_column_text][vc_column_text css=&#8221;.vc_custom_1569232872918{border-top-width: 15px !important;padding-top: 5px !important;background-color: #51c9f8 !important;border-top-color: #ffffff !important;border-top-style: solid !important;}&#8221;]\n<h5 style=\"text-align: center;\"><span style=\"color: #ffffff;\"><strong>DESCRI\u00c7\u00c3O<\/strong><\/span><\/h5>\n[\/vc_column_text][vc_column_text css=&#8221;.vc_custom_1674640302866{margin-top: -15px !important;margin-bottom: -15px !important;padding-right: 20px !important;padding-left: 20px !important;}&#8221;]<span style=\"font-size: 12pt;\">Cursos de <strong>12 horas<\/strong> de forma\u00e7\u00e3o destinados a profissionais sem conhecimento sobre Exocad ou com conhecimentos muito b\u00e1sicos.<\/span><\/p>\n<p><span style=\"font-size: 12pt;\"><strong>Lugares limitados:<\/strong> 7* por curso.<\/span><br \/>\n<span style=\"font-size: 8pt;\">*Ser\u00e3o preenchidos em estrita ordem de inscri\u00e7\u00e3o.<\/span>[\/vc_column_text]<div class=\"modal-container text-center\"><a class=\"btn btn-lg btn-modal\" href=\"#\" modal-link=\"8363\"><i class=\"ti-bookmark\"><\/i> Conte\u00fado do curso<\/a><\/div>[vc_column_text css=&#8221;.vc_custom_1569252604465{border-top-width: 15px !important;padding-top: 5px !important;background-color: #51c9f8 !important;border-top-color: #ffffff !important;border-top-style: solid !important;}&#8221;]\n<h5 style=\"text-align: center;\"><span style=\"color: #ffffff;\"><strong>DATAS DISPON\u00cdVEIS<\/strong><\/span><\/h5>\n[\/vc_column_text][vc_column_text css=&#8221;.vc_custom_1571148362262{margin-top: -15px !important;margin-bottom: -15px !important;padding-top: 0px !important;}&#8221; el_class=&#8221;curso-dates&#8221;]<div class='mc-event-list-container'><ul id='upcoming-events-88e3886339f693a695b9421d847bc00c' class='mc-event-list no-events-fallback upcoming-events list-events'><li class=\"\">Atualmente, n\u00e3o temos cursos dispon\u00edveis<\/li><\/ul><\/div>[\/vc_column_text][vc_column_text css=&#8221;.vc_custom_1674640316985{margin-top: -15px !important;margin-bottom: -15px !important;padding-top: 0px !important;padding-right: 20px !important;padding-left: 20px !important;}&#8221;]Todos os cursos ser\u00e3o realizados em hor\u00e1rio de <strong>16:00 a 20:00<\/strong> \u00e0s sextas e de <strong>08:30 a 17:00<\/strong> aos s\u00e1bados[\/vc_column_text][\/vc_column][\/vc_row][vc_row foundry_padding=&#8221;pt64 pb64&#8243; foundry_parallax=&#8221;not-parallax&#8221; css=&#8221;.vc_custom_1553507220585{background-image: url(https:\/\/sineldent.com\/wp-content\/uploads\/2018\/01\/Fondo_GRIS.png?id=1058) !important;}&#8221; el_class=&#8221;degradado-sineldent&#8221;][vc_column width=&#8221;1\/6&#8243;][vc_single_image image=&#8221;6305&#8243; img_size=&#8221;full&#8221; alignment=&#8221;center&#8221;][\/vc_column][vc_column width=&#8221;5\/6&#8243;][vc_column_text]\n<h4>N\u00e3o encontra uma data? Quer propor novas datas? N\u00e3o hesite em dizer-nos.<\/h4>\n[\/vc_column_text]<div class=\"modal-container text-left\"><a class=\"btn btn-lg btn-modal\" href=\"#\" modal-link=\"7946\"><i class=\"ti-bookmark\"><\/i> Que datas prop\u00f5e?<\/a><\/div>[\/vc_column][\/vc_row]\n","protected":false},"excerpt":{"rendered":"<p>[vc_row foundry_padding=&#8221;pb0&#8243;][vc_column css=&#8221;.vc_custom_1551111286618{padding-right: 10px !important;}&#8221;][vc_column_text el_class=&#8221;nombre-producto basico&#8221;] SINELDENT\u00ae B\u00e1sico Exocad Ourense Training Center [\/vc_column_text][vc_separator color=&#8221;custom&#8221; border_width=&#8221;2&#8243; accent_color=&#8221;#f3f3f3&#8243; css=&#8221;.vc_custom_1551111219056{margin-top: -15px !important;padding-top: 0px&#8230;<\/p>\n","protected":false},"author":1,"featured_media":0,"parent":0,"menu_order":0,"comment_status":"closed","ping_status":"closed","template":"","meta":{"_mc_calendar":[],"footnotes":"","_links_to":"","_links_to_target":""},"class_list":["post-4235","page","type-page","status-publish","hentry"],"yoast_head":"<!-- This site is optimized with the Yoast SEO plugin v21.7 - https:\/\/yoast.com\/wordpress\/plugins\/seo\/ -->\n<title>SINELDENT\u00ae | Curso B\u00e1sico Exocad no Ourense Training Center<\/title>\n<meta name=\"description\" content=\"Curso b\u00e1sico Exocad, 12 horas de forma\u00e7\u00e3o destinados a profissionais sem conhecimento sobre Exocad ou com conhecimentos muito b\u00e1sicos\" \/>\n<meta name=\"robots\" content=\"index, follow, max-snippet:-1, max-image-preview:large, max-video-preview:-1\" \/>\n<link rel=\"canonical\" href=\"https:\/\/sineldent.com\/pt-pt\/sineldent-basico-exocad\/\" \/>\n<meta property=\"og:locale\" content=\"pt_PT\" \/>\n<meta property=\"og:type\" content=\"article\" \/>\n<meta property=\"og:title\" content=\"SINELDENT\u00ae | Curso B\u00e1sico Exocad no Ourense Training Center\" \/>\n<meta property=\"og:description\" content=\"Curso b\u00e1sico Exocad, 12 horas de forma\u00e7\u00e3o destinados a profissionais sem conhecimento sobre Exocad ou com conhecimentos muito b\u00e1sicos\" \/>\n<meta property=\"og:url\" content=\"https:\/\/sineldent.com\/pt-pt\/sineldent-basico-exocad\/\" \/>\n<meta property=\"og:site_name\" content=\"SINELDENT\u00ae\" \/>\n<meta property=\"article:publisher\" content=\"https:\/\/www.facebook.com\/sineldent\/\" \/>\n<meta property=\"article:modified_time\" content=\"2023-01-25T09:59:23+00:00\" \/>\n<meta property=\"og:image\" content=\"https:\/\/sineldent.com\/wp-content\/uploads\/2020\/10\/logo-_fb.png\" \/>\n\t<meta property=\"og:image:width\" content=\"1201\" \/>\n\t<meta property=\"og:image:height\" content=\"631\" \/>\n\t<meta property=\"og:image:type\" content=\"image\/png\" \/>\n<meta name=\"twitter:card\" content=\"summary_large_image\" \/>\n<meta name=\"twitter:title\" content=\"SINELDENT\u00ae | Curso B\u00e1sico Exocad no Ourense Training Center\" \/>\n<meta name=\"twitter:description\" content=\"Curso b\u00e1sico Exocad, 12 horas de forma\u00e7\u00e3o destinados a profissionais sem conhecimento sobre Exocad ou com conhecimentos muito b\u00e1sicos\" \/>\n<meta name=\"twitter:image\" content=\"https:\/\/sineldent.com\/wp-content\/uploads\/2020\/10\/logo_tw.png\" \/>\n<meta name=\"twitter:label1\" content=\"Tempo estimado de leitura\" \/>\n\t<meta name=\"twitter:data1\" content=\"2 minutos\" \/>\n<script type=\"application\/ld+json\" class=\"yoast-schema-graph\">{\"@context\":\"https:\/\/schema.org\",\"@graph\":[{\"@type\":\"WebPage\",\"@id\":\"https:\/\/sineldent.com\/pt-pt\/sineldent-basico-exocad\/\",\"url\":\"https:\/\/sineldent.com\/pt-pt\/sineldent-basico-exocad\/\",\"name\":\"SINELDENT\u00ae | Curso B\u00e1sico Exocad no Ourense Training Center\",\"isPartOf\":{\"@id\":\"https:\/\/sineldent.com\/#website\"},\"datePublished\":\"2018-11-10T09:15:47+00:00\",\"dateModified\":\"2023-01-25T09:59:23+00:00\",\"description\":\"Curso b\u00e1sico Exocad, 12 horas de forma\u00e7\u00e3o destinados a profissionais sem conhecimento sobre Exocad ou com conhecimentos muito b\u00e1sicos\",\"breadcrumb\":{\"@id\":\"https:\/\/sineldent.com\/pt-pt\/sineldent-basico-exocad\/#breadcrumb\"},\"inLanguage\":\"pt-PT\",\"potentialAction\":[{\"@type\":\"ReadAction\",\"target\":[\"https:\/\/sineldent.com\/pt-pt\/sineldent-basico-exocad\/\"]}]},{\"@type\":\"BreadcrumbList\",\"@id\":\"https:\/\/sineldent.com\/pt-pt\/sineldent-basico-exocad\/#breadcrumb\",\"itemListElement\":[{\"@type\":\"ListItem\",\"position\":1,\"name\":\"Portada\",\"item\":\"https:\/\/sineldent.com\/pt-pt\/\"},{\"@type\":\"ListItem\",\"position\":2,\"name\":\"Sineldent B\u00e1sico Exocad &#8211; Ourense\"}]},{\"@type\":\"WebSite\",\"@id\":\"https:\/\/sineldent.com\/#website\",\"url\":\"https:\/\/sineldent.com\/\",\"name\":\"SINELDENT\u00ae\",\"description\":\"Fabricantes de sonrisas desde 2009\",\"publisher\":{\"@id\":\"https:\/\/sineldent.com\/#organization\"},\"potentialAction\":[{\"@type\":\"SearchAction\",\"target\":{\"@type\":\"EntryPoint\",\"urlTemplate\":\"https:\/\/sineldent.com\/?s={search_term_string}\"},\"query-input\":\"required name=search_term_string\"}],\"inLanguage\":\"pt-PT\"},{\"@type\":\"Organization\",\"@id\":\"https:\/\/sineldent.com\/#organization\",\"name\":\"SINELDENT\",\"url\":\"https:\/\/sineldent.com\/\",\"logo\":{\"@type\":\"ImageObject\",\"inLanguage\":\"pt-PT\",\"@id\":\"https:\/\/sineldent.com\/#\/schema\/logo\/image\/\",\"url\":\"https:\/\/sineldent.com\/wp-content\/uploads\/2020\/10\/logo-_fb.png\",\"contentUrl\":\"https:\/\/sineldent.com\/wp-content\/uploads\/2020\/10\/logo-_fb.png\",\"width\":1201,\"height\":631,\"caption\":\"SINELDENT\"},\"image\":{\"@id\":\"https:\/\/sineldent.com\/#\/schema\/logo\/image\/\"},\"sameAs\":[\"https:\/\/www.facebook.com\/sineldent\/\",\"https:\/\/www.instagram.com\/sineldent\/\",\"https:\/\/www.linkedin.com\/company\/sineldent\/\",\"https:\/\/www.youtube.com\/channel\/UCnTiyo871wm4bh5ysR3HQQw\"]}]}<\/script>\n<!-- \/ Yoast SEO plugin. -->","yoast_head_json":{"title":"SINELDENT\u00ae | Curso B\u00e1sico Exocad no Ourense Training Center","description":"Curso b\u00e1sico Exocad, 12 horas de forma\u00e7\u00e3o destinados a profissionais sem conhecimento sobre Exocad ou com conhecimentos muito b\u00e1sicos","robots":{"index":"index","follow":"follow","max-snippet":"max-snippet:-1","max-image-preview":"max-image-preview:large","max-video-preview":"max-video-preview:-1"},"canonical":"https:\/\/sineldent.com\/pt-pt\/sineldent-basico-exocad\/","og_locale":"pt_PT","og_type":"article","og_title":"SINELDENT\u00ae | Curso B\u00e1sico Exocad no Ourense Training Center","og_description":"Curso b\u00e1sico Exocad, 12 horas de forma\u00e7\u00e3o destinados a profissionais sem conhecimento sobre Exocad ou com conhecimentos muito b\u00e1sicos","og_url":"https:\/\/sineldent.com\/pt-pt\/sineldent-basico-exocad\/","og_site_name":"SINELDENT\u00ae","article_publisher":"https:\/\/www.facebook.com\/sineldent\/","article_modified_time":"2023-01-25T09:59:23+00:00","og_image":[{"width":1201,"height":631,"url":"https:\/\/sineldent.com\/wp-content\/uploads\/2020\/10\/logo-_fb.png","type":"image\/png"}],"twitter_card":"summary_large_image","twitter_title":"SINELDENT\u00ae | Curso B\u00e1sico Exocad no Ourense Training Center","twitter_description":"Curso b\u00e1sico Exocad, 12 horas de forma\u00e7\u00e3o destinados a profissionais sem conhecimento sobre Exocad ou com conhecimentos muito b\u00e1sicos","twitter_image":"https:\/\/sineldent.com\/wp-content\/uploads\/2020\/10\/logo_tw.png","twitter_misc":{"Tempo estimado de leitura":"2 minutos"},"schema":{"@context":"https:\/\/schema.org","@graph":[{"@type":"WebPage","@id":"https:\/\/sineldent.com\/pt-pt\/sineldent-basico-exocad\/","url":"https:\/\/sineldent.com\/pt-pt\/sineldent-basico-exocad\/","name":"SINELDENT\u00ae | Curso B\u00e1sico Exocad no Ourense Training Center","isPartOf":{"@id":"https:\/\/sineldent.com\/#website"},"datePublished":"2018-11-10T09:15:47+00:00","dateModified":"2023-01-25T09:59:23+00:00","description":"Curso b\u00e1sico Exocad, 12 horas de forma\u00e7\u00e3o destinados a profissionais sem conhecimento sobre Exocad ou com conhecimentos muito b\u00e1sicos","breadcrumb":{"@id":"https:\/\/sineldent.com\/pt-pt\/sineldent-basico-exocad\/#breadcrumb"},"inLanguage":"pt-PT","potentialAction":[{"@type":"ReadAction","target":["https:\/\/sineldent.com\/pt-pt\/sineldent-basico-exocad\/"]}]},{"@type":"BreadcrumbList","@id":"https:\/\/sineldent.com\/pt-pt\/sineldent-basico-exocad\/#breadcrumb","itemListElement":[{"@type":"ListItem","position":1,"name":"Portada","item":"https:\/\/sineldent.com\/pt-pt\/"},{"@type":"ListItem","position":2,"name":"Sineldent B\u00e1sico Exocad &#8211; Ourense"}]},{"@type":"WebSite","@id":"https:\/\/sineldent.com\/#website","url":"https:\/\/sineldent.com\/","name":"SINELDENT\u00ae","description":"Fabricantes de sonrisas desde 2009","publisher":{"@id":"https:\/\/sineldent.com\/#organization"},"potentialAction":[{"@type":"SearchAction","target":{"@type":"EntryPoint","urlTemplate":"https:\/\/sineldent.com\/?s={search_term_string}"},"query-input":"required name=search_term_string"}],"inLanguage":"pt-PT"},{"@type":"Organization","@id":"https:\/\/sineldent.com\/#organization","name":"SINELDENT","url":"https:\/\/sineldent.com\/","logo":{"@type":"ImageObject","inLanguage":"pt-PT","@id":"https:\/\/sineldent.com\/#\/schema\/logo\/image\/","url":"https:\/\/sineldent.com\/wp-content\/uploads\/2020\/10\/logo-_fb.png","contentUrl":"https:\/\/sineldent.com\/wp-content\/uploads\/2020\/10\/logo-_fb.png","width":1201,"height":631,"caption":"SINELDENT"},"image":{"@id":"https:\/\/sineldent.com\/#\/schema\/logo\/image\/"},"sameAs":["https:\/\/www.facebook.com\/sineldent\/","https:\/\/www.instagram.com\/sineldent\/","https:\/\/www.linkedin.com\/company\/sineldent\/","https:\/\/www.youtube.com\/channel\/UCnTiyo871wm4bh5ysR3HQQw"]}]}},"_links":{"self":[{"href":"https:\/\/sineldent.com\/pt-pt\/wp-json\/wp\/v2\/pages\/4235","targetHints":{"allow":["GET"]}}],"collection":[{"href":"https:\/\/sineldent.com\/pt-pt\/wp-json\/wp\/v2\/pages"}],"about":[{"href":"https:\/\/sineldent.com\/pt-pt\/wp-json\/wp\/v2\/types\/page"}],"author":[{"embeddable":true,"href":"https:\/\/sineldent.com\/pt-pt\/wp-json\/wp\/v2\/users\/1"}],"replies":[{"embeddable":true,"href":"https:\/\/sineldent.com\/pt-pt\/wp-json\/wp\/v2\/comments?post=4235"}],"version-history":[{"count":16,"href":"https:\/\/sineldent.com\/pt-pt\/wp-json\/wp\/v2\/pages\/4235\/revisions"}],"predecessor-version":[{"id":16146,"href":"https:\/\/sineldent.com\/pt-pt\/wp-json\/wp\/v2\/pages\/4235\/revisions\/16146"}],"wp:attachment":[{"href":"https:\/\/sineldent.com\/pt-pt\/wp-json\/wp\/v2\/media?parent=4235"}],"curies":[{"name":"wp","href":"https:\/\/api.w.org\/{rel}","templated":true}]}}