{"id":3549,"date":"2018-08-27T16:57:07","date_gmt":"2018-08-27T14:57:07","guid":{"rendered":"https:\/\/sineldent.com\/?page_id=3549"},"modified":"2021-10-19T11:02:03","modified_gmt":"2021-10-19T09:02:03","slug":"protesis-dentales","status":"publish","type":"page","link":"https:\/\/sineldent.com\/pt-pt\/protesis-dentales\/","title":{"rendered":"Pr\u00f3teses Dent\u00e1rias"},"content":{"rendered":"[vc_row foundry_padding=&#8221;pt0 pb0&#8243; foundry_parallax=&#8221;not-parallax&#8221; css=&#8221;.vc_custom_1549545212005{padding-top: 50px !important;padding-bottom: 30px !important;background-image: url(https:\/\/sineldent.com\/wp-content\/uploads\/2018\/01\/Fondo_GRIS.png?id=1058) !important;}&#8221; el_class=&#8221;degradado-sineldent&#8221;][vc_column][vc_column_text el_class=&#8221;cabecera-sineldent&#8221;]\n<h1>PR\u00d3TESES DENT\u00c1RIAS<\/h1>\n[\/vc_column_text][\/vc_column][\/vc_row][vc_row foundry_padding=&#8221;pt64 pb64&#8243; css=&#8221;.vc_custom_1549545225484{background-position: center !important;background-repeat: no-repeat !important;background-size: contain !important;}&#8221;][vc_column][vc_row_inner][vc_column_inner el_class=&#8221;bloque-producto fade-productos&#8221; width=&#8221;1\/4&#8243;][vc_column_text el_class=&#8221;foto-producto&#8221;]<a href=\"https:\/\/sineldent.com\/pt-pt\/productos\/custom-fit\/\"><img loading=\"lazy\" decoding=\"async\" class=\"aligncenter wp-image-349\" src=\"\/wp-content\/uploads\/revslider\/custom-fit\/custom-fit-1.png\" alt=\"\" width=\"142\" height=\"122\" srcset=\"https:\/\/sineldent.com\/wp-content\/uploads\/revslider\/custom-fit\/custom-fit-1.png 1000w, https:\/\/sineldent.com\/wp-content\/uploads\/revslider\/custom-fit\/custom-fit-1-600x515.png 600w\" sizes=\"auto, (max-width: 142px) 100vw, 142px\" \/><\/a>[\/vc_column_text][vc_column_text]\n<h4 style=\"text-align: center;\"><a href=\"https:\/\/sineldent.com\/pt-pt\/productos\/custom-fit\/\"><span class=\"sinel-font\"><strong>SINELDENT<\/strong><\/span><sub>\u00ae<\/sub><br \/>\n<strong>Custom<\/strong><span style=\"font-weight: 300;\"> Fit<\/span><\/a><\/h4>\n[\/vc_column_text][\/vc_column_inner][vc_column_inner el_class=&#8221;bloque-producto fade-productos&#8221; width=&#8221;1\/4&#8243;][vc_column_text el_class=&#8221;foto-producto&#8221;]<span style=\"text-align: center;\"><a href=\"https:\/\/sineldent.com\/pt-pt\/productos\/additive-basic\/\"><img loading=\"lazy\" decoding=\"async\" class=\"mb32 aligncenter wp-image-1658\" style=\"padding: 20px;\" src=\"\/wp-content\/uploads\/2019\/02\/Sineldent-Additive-Basic.png\" alt=\"\" width=\"256\" height=\"88\" \/><\/a><\/span>[\/vc_column_text][vc_column_text]\n<h4 style=\"text-align: center;\"><a href=\"https:\/\/sineldent.com\/pt-pt\/productos\/additive-basic\/\"><span class=\"sinel-font\"><strong>SINELDENT<\/strong><\/span><sub>\u00ae<\/sub><br \/>\n<strong>Additive<\/strong> <span style=\"font-weight: 300;\">Basic<\/span><\/a><\/h4>\n[\/vc_column_text][\/vc_column_inner][vc_column_inner el_class=&#8221;bloque-producto fade-productos&#8221; width=&#8221;1\/4&#8243;][vc_column_text el_class=&#8221;foto-producto&#8221;]<span style=\"text-align: center;\"><a href=\"https:\/\/sineldent.com\/pt-pt\/productos\/additive-premium\/\"><img loading=\"lazy\" decoding=\"async\" class=\"mb32 aligncenter wp-image-1658\" style=\"padding: 20px;\" src=\"\/wp-content\/uploads\/2019\/02\/Additive-premium.png\" alt=\"\" width=\"256\" height=\"88\" \/><\/a><\/span>[\/vc_column_text][vc_column_text]\n<h4 style=\"text-align: center;\"><a href=\"https:\/\/sineldent.com\/pt-pt\/productos\/additive-premium\/\"><span class=\"sinel-font\"><strong>SINELDENT<\/strong><\/span><sub>\u00ae<\/sub><br \/>\n<strong>Additive<\/strong> <span style=\"font-weight: 300;\">Premium<\/span><\/a><\/h4>\n[\/vc_column_text][\/vc_column_inner][vc_column_inner el_class=&#8221;bloque-producto fade-productos&#8221; width=&#8221;1\/4&#8243;][vc_column_text el_class=&#8221;foto-producto&#8221;]\n<p><a href=\"https:\/\/sineldent.com\/pt-pt\/productos\/advanced-milling\/\"><img decoding=\"async\" class=\"wp-image-1667 aligncenter\" src=\"\/wp-content\/uploads\/2018\/03\/advanced-milling.png\" alt=\"\" width=\"152\" height=\"\" srcset=\"https:\/\/sineldent.com\/wp-content\/uploads\/2018\/03\/advanced-milling.png 540w, https:\/\/sineldent.com\/wp-content\/uploads\/2018\/03\/advanced-milling-300x278.png 300w\" sizes=\"(max-width: 540px) 100vw, 540px\" \/><\/a><\/p>\n[\/vc_column_text][vc_column_text]\n<h4 style=\"text-align: center;\"><a href=\"https:\/\/sineldent.com\/pt-pt\/productos\/advanced-milling\/\"><span class=\"sinel-font\"><strong>SINELDENT<\/strong><\/span><sub>\u00ae<\/sub><br \/>\nAdvanced <span style=\"font-weight: 300;\">Milling<\/span><\/a><\/h4>\n[\/vc_column_text][\/vc_column_inner][vc_column_inner el_class=&#8221;bloque-producto fade-productos&#8221; width=&#8221;1\/3&#8243;][vc_column_text el_class=&#8221;foto-producto&#8221;]<a href=\"https:\/\/sineldent.com\/pt-pt\/productos\/esqueleticos\/\"><img decoding=\"async\" class=\"wp-image-1676 aligncenter\" src=\"\/wp-content\/uploads\/2018\/03\/esqueleticos.png\" alt=\"\" width=\"190\" height=\"\" srcset=\"https:\/\/sineldent.com\/wp-content\/uploads\/2018\/03\/esqueleticos.png 380w, https:\/\/sineldent.com\/wp-content\/uploads\/2018\/03\/esqueleticos-300x216.png 300w\" sizes=\"(max-width: 380px) 100vw, 380px\" \/><\/a>[\/vc_column_text][vc_column_text]\n<h4 style=\"text-align: center;\"><a href=\"https:\/\/sineldent.com\/pt-pt\/productos\/esqueleticos\/\"><span class=\"sinel-font\"><strong>SINELDENT<\/strong><\/span><sub>\u00ae<\/sub><br \/>\nEsquel\u00e9ticos<\/a><\/h4>\n[\/vc_column_text][\/vc_column_inner][vc_column_inner el_class=&#8221;bloque-producto fade-productos&#8221; width=&#8221;1\/3&#8243;][vc_column_text el_class=&#8221;foto-producto&#8221;]<span style=\"text-align: center;\"><a href=\"\/pt-pt\/productos\/barra-customfit\/\"><img decoding=\"async\" class=\"aligncenter wp-image-1767\" src=\"\/wp-content\/uploads\/2020\/06\/barra-caballitos-custom-fit.png\" alt=\"\" width=\"205\" height=\"\" \/><\/a><\/span>[\/vc_column_text][vc_column_text]\n<h4 style=\"text-align: center;\"><a href=\"\/pt-pt\/productos\/barra-customfit\/\"><span class=\"sinel-font\"><strong>SINELDENT<\/strong><\/span><sub>\u00ae<\/sub><br \/>\n<strong>Barra<\/strong> <span style=\"font-weight: 300;\"> de cavaletes Custom Fit<\/span><\/a><\/h4>\n[\/vc_column_text][\/vc_column_inner][vc_column_inner el_class=&#8221;bloque-producto fade-productos&#8221; width=&#8221;1\/3&#8243;][vc_column_text el_class=&#8221;foto-producto&#8221;]<span style=\"text-align: center;\"><a href=\"\/pt-pt\/productos\/barra-customfit\/\"><img loading=\"lazy\" decoding=\"async\" class=\"size-full wp-image-1594 alignleft\" style=\"left: 30px; position: absolute;\" src=\"https:\/\/sineldent.com\/wp-content\/uploads\/2018\/12\/novita.png\" alt=\"\" width=\"80\" height=\"80\" data-wp-editing=\"1\" \/><\/a><img loading=\"lazy\" decoding=\"async\" class=\"aligncenter wp-image-8830\" src=\"https:\/\/sineldent.com\/wp-content\/uploads\/2021\/09\/SINELDENT_ESQUELETICOS_BASIC-500px.png\" alt=\"Esquel\u00e9ticos basic SINELDENT\u00ae\" width=\"300\" height=\"209\" srcset=\"https:\/\/sineldent.com\/wp-content\/uploads\/2021\/09\/SINELDENT_ESQUELETICOS_BASIC-500px.png 500w, https:\/\/sineldent.com\/wp-content\/uploads\/2021\/09\/SINELDENT_ESQUELETICOS_BASIC-500px-300x209.png 300w\" sizes=\"auto, (max-width: 300px) 100vw, 300px\" \/><\/span>[\/vc_column_text][vc_column_text]\n<h4 style=\"text-align: center;\"><a href=\"\/pt-pt\/productos\/esqueleticos-basic\/\"><span class=\"sinel-font\"><strong>SINELDENT<\/strong><\/span><sub>\u00ae<\/sub><br \/>\n<strong>Esquel\u00e9ticos<\/strong> <span style=\"font-weight: 300;\"> basic<\/span><\/a><\/h4>\n[\/vc_column_text][\/vc_column_inner][\/vc_row_inner][\/vc_column][\/vc_row][vc_row foundry_padding=&#8221;pt0 pb0&#8243; foundry_parallax=&#8221;not-parallax&#8221; css=&#8221;.vc_custom_1551088252818{background-image: url(https:\/\/sineldent.com\/wp-content\/uploads\/2018\/01\/Fondo_GRIS.png?id=1058) !important;}&#8221; el_class=&#8221;degradado-sineldent&#8221;][vc_column css=&#8221;.vc_custom_1551088609549{padding-top: 70px !important;}&#8221;][vc_column_text]\n<h3 style=\"text-align: center;\"><span style=\"color: #fff;\"><span style=\"font-family: raleway; font-weight: 400;\"> Compromisso <span class=\"sinel-font\">SINELDENT<\/span><span style=\"font-family: raleway; font-weight: bold;\"><sub>\u00ae<\/sub><\/span><\/span><\/span><\/h3>\n[\/vc_column_text][vc_row_inner equal_height=&#8221;yes&#8221; content_placement=&#8221;top&#8221; el_class=&#8221;h4-pequeno&#8221;][vc_column_inner width=&#8221;1\/4&#8243;][vc_column_text css=&#8221;.vc_custom_1569236303411{padding-right: 10px !important;padding-left: 10px !important;}&#8221;]\n<h4 style=\"text-align: center; text-transform: uppercase;\"><strong><span style=\"color: #00a6f8; font-family: raleway;\"><span style=\"color: #ffffff; font-weight: bold;\"><img decoding=\"async\" class=\"aligncenter\" src=\"\/wp-content\/uploads\/2019\/02\/SINELDENT_Color_Guide-29.png\" alt=\"\" width=\"90\" \/>QUALIDADE 100%<br \/>\nGARANTIDO<\/span><\/span><\/strong><\/h4>\n[\/vc_column_text][\/vc_column_inner][vc_column_inner width=&#8221;1\/4&#8243;][vc_column_text css=&#8221;.vc_custom_1569236318742{padding-right: 10px !important;padding-bottom: 32px !important;padding-left: 10px !important;}&#8221;]\n<h4 style=\"text-align: center; text-transform: uppercase;\"><strong><span style=\"color: #00a6f8; font-family: raleway;\"><span style=\"color: #ffffff; font-weight: bold;\"><img decoding=\"async\" class=\"aligncenter\" src=\"\/wp-content\/uploads\/2019\/02\/SINELDENT_Color_Guide-38.png\" alt=\"\" width=\"90\" \/>ENTREGA EM APENAS<br \/>\n48 HORAS<\/span><\/span><\/strong><\/h4>\n[\/vc_column_text][\/vc_column_inner][vc_column_inner width=&#8221;1\/4&#8243;][vc_column_text css=&#8221;.vc_custom_1569236334211{padding-right: 10px !important;padding-bottom: 32px !important;padding-left: 10px !important;}&#8221;]\n<h4 style=\"text-align: center; text-transform: uppercase;\"><strong><span style=\"color: #00a6f8; font-family: raleway;\"><span style=\"color: #ffffff; font-weight: bold;\"><img decoding=\"async\" class=\"aligncenter\" src=\"\/wp-content\/uploads\/2019\/02\/SINELDENT_Color_Guide-37.png\" alt=\"\" width=\"90\" \/>ATENDIMENTO PERSONALIZADO<br \/>\nEM CADA ENCOMENDA<\/span><\/span><\/strong><\/h4>\n[\/vc_column_text][\/vc_column_inner][vc_column_inner width=&#8221;1\/4&#8243;][vc_column_text css=&#8221;.vc_custom_1569236348330{padding-right: 10px !important;padding-bottom: 32px !important;padding-left: 10px !important;}&#8221;]\n<h4 style=\"text-align: center; text-transform: uppercase;\"><strong><span style=\"color: #00a6f8; font-family: raleway;\"><span style=\"color: #ffffff; font-weight: bold;\"><img decoding=\"async\" class=\"aligncenter\" src=\"\/wp-content\/uploads\/2019\/02\/SINELDENT_Color_Guide-16-2.png\" alt=\"\" width=\"90\" \/>PRE\u00c7OS<br \/>\nCOMPETITIVOS<\/span><\/span><\/strong><\/h4>\n[\/vc_column_text][\/vc_column_inner][\/vc_row_inner][\/vc_column][\/vc_row]\n","protected":false},"excerpt":{"rendered":"<p>[vc_row foundry_padding=&#8221;pt0 pb0&#8243; foundry_parallax=&#8221;not-parallax&#8221; css=&#8221;.vc_custom_1549545212005{padding-top: 50px !important;padding-bottom: 30px !important;background-image: url(https:\/\/sineldent.com\/wp-content\/uploads\/2018\/01\/Fondo_GRIS.png?id=1058) !important;}&#8221; el_class=&#8221;degradado-sineldent&#8221;][vc_column][vc_column_text el_class=&#8221;cabecera-sineldent&#8221;] PR\u00d3TESES DENT\u00c1RIAS [\/vc_column_text][\/vc_column][\/vc_row][vc_row foundry_padding=&#8221;pt64 pb64&#8243; css=&#8221;.vc_custom_1549545225484{background-position: center !important;background-repeat:&#8230;<\/p>\n","protected":false},"author":1,"featured_media":0,"parent":0,"menu_order":0,"comment_status":"closed","ping_status":"closed","template":"","meta":{"_mc_calendar":[],"footnotes":"","_links_to":"","_links_to_target":""},"class_list":["post-3549","page","type-page","status-publish","hentry"],"yoast_head":"<!-- This site is optimized with the Yoast SEO plugin v21.7 - https:\/\/yoast.com\/wordpress\/plugins\/seo\/ -->\n<title>SINELDENT\u00ae | Pr\u00f3teses dent\u00e1rias<\/title>\n<meta name=\"description\" content=\"Conhe\u00e7a toda a linha de produtos SINELDENT: Custom Fit, Additive Premium, Advanced Milling, Esquel\u00e9ticos e Modelos dent\u00e1rios.\" \/>\n<meta name=\"robots\" content=\"index, follow, max-snippet:-1, max-image-preview:large, max-video-preview:-1\" \/>\n<link rel=\"canonical\" href=\"https:\/\/sineldent.com\/pt-pt\/protesis-dentales\/\" \/>\n<meta property=\"og:locale\" content=\"pt_PT\" \/>\n<meta property=\"og:type\" content=\"article\" \/>\n<meta property=\"og:title\" content=\"Productos SINELDENT: En boca de todos por su calidad y precio\" \/>\n<meta property=\"og:description\" content=\"Conhe\u00e7a toda a linha de produtos SINELDENT: Custom Fit, Additive Premium, Advanced Milling, Esquel\u00e9ticos e Modelos dent\u00e1rios.\" \/>\n<meta property=\"og:url\" content=\"https:\/\/sineldent.com\/pt-pt\/protesis-dentales\/\" \/>\n<meta property=\"og:site_name\" content=\"SINELDENT\u00ae\" \/>\n<meta property=\"article:publisher\" content=\"https:\/\/www.facebook.com\/sineldent\/\" \/>\n<meta property=\"article:modified_time\" content=\"2021-10-19T09:02:03+00:00\" \/>\n<meta property=\"og:image\" content=\"https:\/\/sineldent.com\/wp-content\/uploads\/2020\/10\/logo-_fb.png\" \/>\n\t<meta property=\"og:image:width\" content=\"1201\" \/>\n\t<meta property=\"og:image:height\" content=\"631\" \/>\n\t<meta property=\"og:image:type\" content=\"image\/png\" \/>\n<meta name=\"twitter:card\" content=\"summary_large_image\" \/>\n<meta name=\"twitter:title\" content=\"SINELDENT\u00ae | Pr\u00f3teses dent\u00e1rias\" \/>\n<meta name=\"twitter:description\" content=\"Conhe\u00e7a toda a linha de produtos SINELDENT: Custom Fit, Additive Premium, Advanced Milling, Esquel\u00e9ticos e Modelos dent\u00e1rios.\" \/>\n<meta name=\"twitter:image\" content=\"https:\/\/sineldent.com\/wp-content\/uploads\/2020\/10\/logo_tw.png\" \/>\n<meta name=\"twitter:label1\" content=\"Tempo estimado de leitura\" \/>\n\t<meta name=\"twitter:data1\" content=\"4 minutos\" \/>\n<script type=\"application\/ld+json\" class=\"yoast-schema-graph\">{\"@context\":\"https:\/\/schema.org\",\"@graph\":[{\"@type\":\"WebPage\",\"@id\":\"https:\/\/sineldent.com\/pt-pt\/protesis-dentales\/\",\"url\":\"https:\/\/sineldent.com\/pt-pt\/protesis-dentales\/\",\"name\":\"SINELDENT\u00ae | Pr\u00f3teses dent\u00e1rias\",\"isPartOf\":{\"@id\":\"https:\/\/sineldent.com\/#website\"},\"datePublished\":\"2018-08-27T14:57:07+00:00\",\"dateModified\":\"2021-10-19T09:02:03+00:00\",\"description\":\"Conhe\u00e7a toda a linha de produtos SINELDENT: Custom Fit, Additive Premium, Advanced Milling, Esquel\u00e9ticos e Modelos dent\u00e1rios.\",\"breadcrumb\":{\"@id\":\"https:\/\/sineldent.com\/pt-pt\/protesis-dentales\/#breadcrumb\"},\"inLanguage\":\"pt-PT\",\"potentialAction\":[{\"@type\":\"ReadAction\",\"target\":[\"https:\/\/sineldent.com\/pt-pt\/protesis-dentales\/\"]}]},{\"@type\":\"BreadcrumbList\",\"@id\":\"https:\/\/sineldent.com\/pt-pt\/protesis-dentales\/#breadcrumb\",\"itemListElement\":[{\"@type\":\"ListItem\",\"position\":1,\"name\":\"Portada\",\"item\":\"https:\/\/sineldent.com\/pt-pt\/\"},{\"@type\":\"ListItem\",\"position\":2,\"name\":\"Pr\u00f3teses Dent\u00e1rias\"}]},{\"@type\":\"WebSite\",\"@id\":\"https:\/\/sineldent.com\/#website\",\"url\":\"https:\/\/sineldent.com\/\",\"name\":\"SINELDENT\u00ae\",\"description\":\"Fabricantes de sonrisas desde 2009\",\"publisher\":{\"@id\":\"https:\/\/sineldent.com\/#organization\"},\"potentialAction\":[{\"@type\":\"SearchAction\",\"target\":{\"@type\":\"EntryPoint\",\"urlTemplate\":\"https:\/\/sineldent.com\/?s={search_term_string}\"},\"query-input\":\"required name=search_term_string\"}],\"inLanguage\":\"pt-PT\"},{\"@type\":\"Organization\",\"@id\":\"https:\/\/sineldent.com\/#organization\",\"name\":\"SINELDENT\",\"url\":\"https:\/\/sineldent.com\/\",\"logo\":{\"@type\":\"ImageObject\",\"inLanguage\":\"pt-PT\",\"@id\":\"https:\/\/sineldent.com\/#\/schema\/logo\/image\/\",\"url\":\"https:\/\/sineldent.com\/wp-content\/uploads\/2020\/10\/logo-_fb.png\",\"contentUrl\":\"https:\/\/sineldent.com\/wp-content\/uploads\/2020\/10\/logo-_fb.png\",\"width\":1201,\"height\":631,\"caption\":\"SINELDENT\"},\"image\":{\"@id\":\"https:\/\/sineldent.com\/#\/schema\/logo\/image\/\"},\"sameAs\":[\"https:\/\/www.facebook.com\/sineldent\/\",\"https:\/\/www.instagram.com\/sineldent\/\",\"https:\/\/www.linkedin.com\/company\/sineldent\/\",\"https:\/\/www.youtube.com\/channel\/UCnTiyo871wm4bh5ysR3HQQw\"]}]}<\/script>\n<!-- \/ Yoast SEO plugin. -->","yoast_head_json":{"title":"SINELDENT\u00ae | Pr\u00f3teses dent\u00e1rias","description":"Conhe\u00e7a toda a linha de produtos SINELDENT: Custom Fit, Additive Premium, Advanced Milling, Esquel\u00e9ticos e Modelos dent\u00e1rios.","robots":{"index":"index","follow":"follow","max-snippet":"max-snippet:-1","max-image-preview":"max-image-preview:large","max-video-preview":"max-video-preview:-1"},"canonical":"https:\/\/sineldent.com\/pt-pt\/protesis-dentales\/","og_locale":"pt_PT","og_type":"article","og_title":"Productos SINELDENT: En boca de todos por su calidad y precio","og_description":"Conhe\u00e7a toda a linha de produtos SINELDENT: Custom Fit, Additive Premium, Advanced Milling, Esquel\u00e9ticos e Modelos dent\u00e1rios.","og_url":"https:\/\/sineldent.com\/pt-pt\/protesis-dentales\/","og_site_name":"SINELDENT\u00ae","article_publisher":"https:\/\/www.facebook.com\/sineldent\/","article_modified_time":"2021-10-19T09:02:03+00:00","og_image":[{"width":1201,"height":631,"url":"https:\/\/sineldent.com\/wp-content\/uploads\/2020\/10\/logo-_fb.png","type":"image\/png"}],"twitter_card":"summary_large_image","twitter_title":"SINELDENT\u00ae | Pr\u00f3teses dent\u00e1rias","twitter_description":"Conhe\u00e7a toda a linha de produtos SINELDENT: Custom Fit, Additive Premium, Advanced Milling, Esquel\u00e9ticos e Modelos dent\u00e1rios.","twitter_image":"https:\/\/sineldent.com\/wp-content\/uploads\/2020\/10\/logo_tw.png","twitter_misc":{"Tempo estimado de leitura":"4 minutos"},"schema":{"@context":"https:\/\/schema.org","@graph":[{"@type":"WebPage","@id":"https:\/\/sineldent.com\/pt-pt\/protesis-dentales\/","url":"https:\/\/sineldent.com\/pt-pt\/protesis-dentales\/","name":"SINELDENT\u00ae | Pr\u00f3teses dent\u00e1rias","isPartOf":{"@id":"https:\/\/sineldent.com\/#website"},"datePublished":"2018-08-27T14:57:07+00:00","dateModified":"2021-10-19T09:02:03+00:00","description":"Conhe\u00e7a toda a linha de produtos SINELDENT: Custom Fit, Additive Premium, Advanced Milling, Esquel\u00e9ticos e Modelos dent\u00e1rios.","breadcrumb":{"@id":"https:\/\/sineldent.com\/pt-pt\/protesis-dentales\/#breadcrumb"},"inLanguage":"pt-PT","potentialAction":[{"@type":"ReadAction","target":["https:\/\/sineldent.com\/pt-pt\/protesis-dentales\/"]}]},{"@type":"BreadcrumbList","@id":"https:\/\/sineldent.com\/pt-pt\/protesis-dentales\/#breadcrumb","itemListElement":[{"@type":"ListItem","position":1,"name":"Portada","item":"https:\/\/sineldent.com\/pt-pt\/"},{"@type":"ListItem","position":2,"name":"Pr\u00f3teses Dent\u00e1rias"}]},{"@type":"WebSite","@id":"https:\/\/sineldent.com\/#website","url":"https:\/\/sineldent.com\/","name":"SINELDENT\u00ae","description":"Fabricantes de sonrisas desde 2009","publisher":{"@id":"https:\/\/sineldent.com\/#organization"},"potentialAction":[{"@type":"SearchAction","target":{"@type":"EntryPoint","urlTemplate":"https:\/\/sineldent.com\/?s={search_term_string}"},"query-input":"required name=search_term_string"}],"inLanguage":"pt-PT"},{"@type":"Organization","@id":"https:\/\/sineldent.com\/#organization","name":"SINELDENT","url":"https:\/\/sineldent.com\/","logo":{"@type":"ImageObject","inLanguage":"pt-PT","@id":"https:\/\/sineldent.com\/#\/schema\/logo\/image\/","url":"https:\/\/sineldent.com\/wp-content\/uploads\/2020\/10\/logo-_fb.png","contentUrl":"https:\/\/sineldent.com\/wp-content\/uploads\/2020\/10\/logo-_fb.png","width":1201,"height":631,"caption":"SINELDENT"},"image":{"@id":"https:\/\/sineldent.com\/#\/schema\/logo\/image\/"},"sameAs":["https:\/\/www.facebook.com\/sineldent\/","https:\/\/www.instagram.com\/sineldent\/","https:\/\/www.linkedin.com\/company\/sineldent\/","https:\/\/www.youtube.com\/channel\/UCnTiyo871wm4bh5ysR3HQQw"]}]}},"_links":{"self":[{"href":"https:\/\/sineldent.com\/pt-pt\/wp-json\/wp\/v2\/pages\/3549","targetHints":{"allow":["GET"]}}],"collection":[{"href":"https:\/\/sineldent.com\/pt-pt\/wp-json\/wp\/v2\/pages"}],"about":[{"href":"https:\/\/sineldent.com\/pt-pt\/wp-json\/wp\/v2\/types\/page"}],"author":[{"embeddable":true,"href":"https:\/\/sineldent.com\/pt-pt\/wp-json\/wp\/v2\/users\/1"}],"replies":[{"embeddable":true,"href":"https:\/\/sineldent.com\/pt-pt\/wp-json\/wp\/v2\/comments?post=3549"}],"version-history":[{"count":13,"href":"https:\/\/sineldent.com\/pt-pt\/wp-json\/wp\/v2\/pages\/3549\/revisions"}],"predecessor-version":[{"id":9136,"href":"https:\/\/sineldent.com\/pt-pt\/wp-json\/wp\/v2\/pages\/3549\/revisions\/9136"}],"wp:attachment":[{"href":"https:\/\/sineldent.com\/pt-pt\/wp-json\/wp\/v2\/media?parent=3549"}],"curies":[{"name":"wp","href":"https:\/\/api.w.org\/{rel}","templated":true}]}}