{"id":1354,"date":"2018-01-10T18:49:02","date_gmt":"2018-01-10T17:49:02","guid":{"rendered":"http:\/\/sineldent.com\/mision-vision-y-valores\/"},"modified":"2020-10-06T17:27:05","modified_gmt":"2020-10-06T15:27:05","slug":"conhece-a-sineldent","status":"publish","type":"page","link":"https:\/\/sineldent.com\/pt-pt\/conhece-a-sineldent\/","title":{"rendered":"Conhece a SINELDENT\u00ae"},"content":{"rendered":"[vc_row foundry_padding=&#8221;pt0 pb0&#8243; foundry_parallax=&#8221;not-parallax&#8221; css=&#8221;.vc_custom_1549466295004{padding-top: 50px !important;padding-bottom: 30px !important;background-image: url(https:\/\/sineldent.com\/wp-content\/uploads\/2018\/01\/Fondo_GRIS.png?id=1058) !important;}&#8221; el_class=&#8221;degradado-sineldent&#8221;][vc_column][vc_column_text el_class=&#8221;cabecera-sineldent&#8221;]\n<h1>Conhece a <span class=\"sinel-font\"><strong>SINELDENT<\/strong><\/span><sub>\u00ae<\/sub><\/h1>\n[\/vc_column_text][\/vc_column][\/vc_row][vc_row foundry_background_style=&#8221;bg-secondary&#8221;][vc_column][vc_row_inner equal_height=&#8221;yes&#8221; content_placement=&#8221;middle&#8221;][vc_column_inner width=&#8221;1\/3&#8243;][vc_single_image image=&#8221;6145&#8243; img_size=&#8221;&#8221; alignment=&#8221;center&#8221;][\/vc_column_inner][vc_column_inner width=&#8221;2\/3&#8243;][vc_column_text]\n<h2>Quem somos?<\/h2>\n[\/vc_column_text][vc_column_text]Na <strong>SINELDENT\u00ae&#xfe0f;<\/strong> especializ\u00e1mo-nos na fabrica\u00e7\u00e3o de pr\u00f3teses dent\u00e1rias por CAD\/CAM desde a nossa funda\u00e7\u00e3o em 2009. Utilizamos tecnologia aditiva para fabricar pr\u00f3teses dent\u00e1rias de alta qualidade e precis\u00e3o, contribuindo para a moderniza\u00e7\u00e3o do laborat\u00f3rio dent\u00e1rio e para o desenvolvimento do fluxo digital odontol\u00f3gico a partir das nossas f\u00e1bricas de produ\u00e7\u00e3o em Ourense e Madrid.<br \/>\nDesde 2019, fazemos parte do<a href=\"https:\/\/phibo.com\/\" target=\"_blank\" rel=\"noopener noreferrer\"> Grupo Phibo<\/a>, combinando conhecimento, experi\u00eancia, desenvolvimento tecnol\u00f3gico e inova\u00e7\u00e3o para oferecer um excelente servi\u00e7o a todos os segmentos do mercado.[\/vc_column_text][\/vc_column_inner][\/vc_row_inner][\/vc_column][\/vc_row][vc_row foundry_padding=&#8221;pt64 pb64&#8243; foundry_parallax=&#8221;not-parallax&#8221;][vc_column][vc_row_inner equal_height=&#8221;yes&#8221; content_placement=&#8221;middle&#8221;][vc_column_inner][vc_column_text]\n<h2>Conhe\u00e7a-nos em quatro minutos<\/h2>\n[\/vc_column_text][\/vc_column_inner][vc_column_inner width=&#8221;2\/3&#8243; offset=&#8221;vc_col-lg-offset-2&#8243;][vc_video link=&#8221;https:\/\/www.youtube.com\/watch?v=9xBg5WnM8Ck&#8221; align=&#8221;center&#8221;][\/vc_column_inner][\/vc_row_inner][\/vc_column][\/vc_row][vc_row foundry_background_style=&#8221;bg-secondary&#8221; foundry_padding=&#8221;pt64 pb64&#8243; foundry_parallax=&#8221;not-parallax&#8221;][vc_column][vc_row_inner equal_height=&#8221;yes&#8221; content_placement=&#8221;middle&#8221;][vc_column_inner width=&#8221;1\/3&#8243;][vc_single_image image=&#8221;6164&#8243; img_size=&#8221;200&#215;200&#8243; alignment=&#8221;center&#8221;][\/vc_column_inner][vc_column_inner width=&#8221;2\/3&#8243;][vc_column_text]\n<h2>Miss\u00e3o<\/h2>\n[\/vc_column_text][vc_column_text]<strong>Fabricamos<\/strong> pr\u00f3teses dent\u00e1rias com a m\u00e1xima precis\u00e3o, estabilidade e resist\u00eancia para criar, <strong>de m\u00e3os dadas com profissionais<\/strong> do setor dent\u00e1rio; <strong>sorrisos perfeitos<\/strong> com as tecnologias mais inovadoras e rent\u00e1veis. Conformamos uma equipa de trabalho com o cliente oferecendo-lhe um servi\u00e7o integral assente no compromisso com o desenvolvimento competitivo conjunto atrav\u00e9s da forma\u00e7\u00e3o, assessoramento personalizado e imediatez, de profissional para profissional.<br \/>\n[\/vc_column_text][\/vc_column_inner][\/vc_row_inner][\/vc_column][\/vc_row][vc_row foundry_padding=&#8221;pt64 pb64&#8243;][vc_column][vc_row_inner equal_height=&#8221;yes&#8221; content_placement=&#8221;middle&#8221;][vc_column_inner width=&#8221;2\/3&#8243;][vc_column_text]\n<h2>Vis\u00e3o<\/h2>\n[\/vc_column_text][vc_column_text]Sermos uma empresa <strong>de refer\u00eancia <\/strong>internacional em<strong> termos de inova\u00e7\u00e3o<\/strong> para os profissionais do <strong>setor dent\u00e1rio<\/strong>. Estamos sempre a melhorar a qualidade e o servi\u00e7o, trazemos solu\u00e7\u00f5es integrais de olhos postos na satisfa\u00e7\u00e3o global do cliente, estabelecendo uma rela\u00e7\u00e3o de confian\u00e7a e <strong>crescendo em conjunto<\/strong> com o objetivo de fazer com que os sorrisos perfeitos cheguem a toda a sociedade.[\/vc_column_text][\/vc_column_inner][vc_column_inner width=&#8221;1\/3&#8243;][vc_single_image image=&#8221;6166&#8243; img_size=&#8221;200&#215;200&#8243; alignment=&#8221;center&#8221;][\/vc_column_inner][\/vc_row_inner][\/vc_column][\/vc_row][vc_row foundry_padding=&#8221;pt64 pb64&#8243; foundry_parallax=&#8221;not-parallax&#8221; css=&#8221;.vc_custom_1549455099908{background-image: url(https:\/\/sineldent.com\/wp-content\/uploads\/2018\/01\/Fondo_GRIS.png?id=1058) !important;}&#8221; el_class=&#8221;degradado-sineldent&#8221;][vc_column][vc_column_text]\n<h2><span style=\"font-family: raleway; font-weight: 400;\">Valores<\/span><\/h2>\n[\/vc_column_text][vc_separator color=&#8221;white&#8221; border_width=&#8221;2&#8243; css=&#8221;.vc_custom_1515666090472{margin-top: -10px !important;}&#8221;][vc_tta_tabs style=&#8221;outline&#8221; shape=&#8221;square&#8221; color=&#8221;white&#8221; spacing=&#8221;30&#8243; gap=&#8221;30&#8243; alignment=&#8221;center&#8221; active_section=&#8221;1&#8243; no_fill_content_area=&#8221;true&#8221;][vc_tta_section class=&#8221;&#8220;vc_single_image-img&#8221; src=&#8221;&#8220;\/wp-content\/uploads\/2019\/02\/SINELDENT_Color_Guide-27-125&#215;125.png&#8220;&#8221; width=&#8221;&#8220;35&#8220;&#8221; height=&#8221;&#8220;35&#8220;&#8221; tab_id=&#8221;pasion&#8221; alt=&#8221;&#8220;SINELDENT_Color_Guide-27&#8220;&#8221; title=&#8221;PAIX\u00c3O&#8221;][vc_row_inner content_placement=&#8221;middle&#8221;][vc_column_inner width=&#8221;1\/6&#8243;][vc_single_image image=&#8221;6182&#8243; img_size=&#8221;125X125&#8243;][\/vc_column_inner][vc_column_inner width=&#8221;5\/6&#8243;][vc_column_text]\n<h3><span lang=\"PT\">PAIX\u00c3O<\/span><\/h3>\n<p><span style=\"font-size: 14pt;\">A paix\u00e3o \u00e9 a emo\u00e7\u00e3o intensa que define aquela que \u00e9 a nossa forma de trabalhar. O entusiasmo e o carinho com que fazemos tudo e a forma como o fazemos.<br \/>\n<\/span>[\/vc_column_text][\/vc_column_inner][\/vc_row_inner][\/vc_tta_section][vc_tta_section title=&#8221;RESPEITO&#8221; tab_id=&#8221;1515607798093-bd759f07-1919&#8243;][vc_row_inner content_placement=&#8221;middle&#8221;][vc_column_inner width=&#8221;1\/6&#8243;][vc_single_image image=&#8221;6184&#8243; img_size=&#8221;125X125&#8243;][\/vc_column_inner][vc_column_inner width=&#8221;5\/6&#8243;][vc_column_text]\n<h3 class=\"p1\"><b>RESPEITO<\/b><\/h3>\n<p class=\"p1\"><span style=\"font-size: 14pt;\">O respeito pelos clientes, os fornecedores, os concorrentes e os pacientes \u00e9 a base do nosso comportamento e define a forma como nos relacionamos.<br \/>\n<\/span><\/p>\n[\/vc_column_text][\/vc_column_inner][\/vc_row_inner][\/vc_tta_section][vc_tta_section title=&#8221;QUALIDADE&#8221; tab_id=&#8221;1515608233941-13ffbcde-6310&#8243;][vc_row_inner content_placement=&#8221;middle&#8221;][vc_column_inner width=&#8221;1\/6&#8243;][vc_single_image image=&#8221;6186&#8243; img_size=&#8221;125X125&#8243;][\/vc_column_inner][vc_column_inner width=&#8221;5\/6&#8243;][vc_column_text]\n<h3 class=\"p1\"><span lang=\"PT\">QUALIDADE<\/span><\/h3>\n<p class=\"p1\"><span style=\"font-size: 14pt;\">Trabalhamos de forma cont\u00ednua de olhos postos na qualidade atrav\u00e9s do desenvolvimento e a melhoria constante dos nossos produtos, o servi\u00e7o ao cliente e o desenvolvimento competitivo dos mesmos.<\/span><\/p>\n[\/vc_column_text][\/vc_column_inner][\/vc_row_inner][\/vc_tta_section][vc_tta_section title=&#8221;INOVA\u00c7\u00c3O&#8221; tab_id=&#8221;1515608232436-3cc3b0d4-7eab&#8221;][vc_row_inner content_placement=&#8221;middle&#8221;][vc_column_inner width=&#8221;1\/6&#8243;][vc_single_image image=&#8221;6188&#8243; img_size=&#8221;125X125&#8243;][\/vc_column_inner][vc_column_inner width=&#8221;5\/6&#8243;][vc_column_text]\n<h3><span lang=\"PT\">INOVA\u00c7\u00c3O<\/span><\/h3>\n<p class=\"p1\"><span style=\"font-size: 14pt;\">Trabalhamos dia ap\u00f3s dia para aumentar a efic\u00e1cia e rentabilidade dos nossos processos produtivos com base na engenharia e a organiza\u00e7\u00e3o industrial para oferecer as solu\u00e7\u00f5es mais competitivas aos nossos clientes.<\/span><\/p>\n[\/vc_column_text][\/vc_column_inner][\/vc_row_inner][\/vc_tta_section][vc_tta_section title=&#8221;PROFISSIONALISMO&#8221; tab_id=&#8221;1515608231907-d8df82cd-6b6f&#8221;][vc_row_inner content_placement=&#8221;middle&#8221;][vc_column_inner width=&#8221;1\/6&#8243;][vc_single_image image=&#8221;6190&#8243; img_size=&#8221;125X125&#8243;][\/vc_column_inner][vc_column_inner width=&#8221;5\/6&#8243;][vc_column_text]\n<h3><span lang=\"PT\">PROFISSIONALISMO<\/span><\/h3>\n<p class=\"p1\"><span style=\"font-size: 14pt;\">Somos profissionais a trabalhar para outros profissionais, agimos com seriedade, honradez e efic\u00e1cia, o que nos permite simpatizar com o nosso cliente.<\/span><\/p>\n[\/vc_column_text][\/vc_column_inner][\/vc_row_inner][\/vc_tta_section][\/vc_tta_tabs][\/vc_column][\/vc_row]\n","protected":false},"excerpt":{"rendered":"<p>[vc_row foundry_padding=&#8221;pt0 pb0&#8243; foundry_parallax=&#8221;not-parallax&#8221; css=&#8221;.vc_custom_1549466295004{padding-top: 50px !important;padding-bottom: 30px !important;background-image: url(https:\/\/sineldent.com\/wp-content\/uploads\/2018\/01\/Fondo_GRIS.png?id=1058) !important;}&#8221; el_class=&#8221;degradado-sineldent&#8221;][vc_column][vc_column_text el_class=&#8221;cabecera-sineldent&#8221;] Conhece a SINELDENT\u00ae [\/vc_column_text][\/vc_column][\/vc_row][vc_row foundry_background_style=&#8221;bg-secondary&#8221;][vc_column][vc_row_inner equal_height=&#8221;yes&#8221; content_placement=&#8221;middle&#8221;][vc_column_inner width=&#8221;1\/3&#8243;][vc_single_image&#8230;<\/p>\n","protected":false},"author":1,"featured_media":0,"parent":0,"menu_order":0,"comment_status":"closed","ping_status":"closed","template":"","meta":{"_mc_calendar":[],"footnotes":"","_links_to":"","_links_to_target":""},"class_list":["post-1354","page","type-page","status-publish","hentry"],"yoast_head":"<!-- This site is optimized with the Yoast SEO plugin v21.7 - https:\/\/yoast.com\/wordpress\/plugins\/seo\/ -->\n<title>SINELDENT\u00ae | Conhece a SINELDENT\u00ae<\/title>\n<meta name=\"description\" content=\"Na SINELDENT\u00ae\ufe0f especializ\u00e1mo-nos na fabrica\u00e7\u00e3o de pr\u00f3teses dent\u00e1rias por CAD\/CAM desde a nossa funda\u00e7\u00e3o em 2009\" \/>\n<meta name=\"robots\" content=\"index, follow, max-snippet:-1, max-image-preview:large, max-video-preview:-1\" \/>\n<link rel=\"canonical\" href=\"https:\/\/sineldent.com\/pt-pt\/conhece-a-sineldent\/\" \/>\n<meta property=\"og:locale\" content=\"pt_PT\" \/>\n<meta property=\"og:type\" content=\"article\" \/>\n<meta property=\"og:title\" content=\"SINELDENT\u00ae | Conhece a SINELDENT\u00ae\" \/>\n<meta property=\"og:description\" content=\"Na SINELDENT\u00ae\ufe0f especializ\u00e1mo-nos na fabrica\u00e7\u00e3o de pr\u00f3teses dent\u00e1rias por CAD\/CAM desde a nossa funda\u00e7\u00e3o em 2009\" \/>\n<meta property=\"og:url\" content=\"https:\/\/sineldent.com\/pt-pt\/conhece-a-sineldent\/\" \/>\n<meta property=\"og:site_name\" content=\"SINELDENT\u00ae\" \/>\n<meta property=\"article:publisher\" content=\"https:\/\/www.facebook.com\/sineldent\/\" \/>\n<meta property=\"article:modified_time\" content=\"2020-10-06T15:27:05+00:00\" \/>\n<meta property=\"og:image\" content=\"https:\/\/sineldent.com\/wp-content\/uploads\/2020\/10\/logo-_fb.png\" \/>\n\t<meta property=\"og:image:width\" content=\"1201\" \/>\n\t<meta property=\"og:image:height\" content=\"631\" \/>\n\t<meta property=\"og:image:type\" content=\"image\/png\" \/>\n<meta name=\"twitter:card\" content=\"summary_large_image\" \/>\n<meta name=\"twitter:title\" content=\"SINELDENT\u00ae | Conhece a SINELDENT\u00ae\" \/>\n<meta name=\"twitter:description\" content=\"Na SINELDENT\u00ae\ufe0f especializ\u00e1mo-nos na fabrica\u00e7\u00e3o de pr\u00f3teses dent\u00e1rias por CAD\/CAM desde a nossa funda\u00e7\u00e3o em 2009\" \/>\n<meta name=\"twitter:image\" content=\"https:\/\/sineldent.com\/wp-content\/uploads\/2020\/10\/logo_tw.png\" \/>\n<meta name=\"twitter:label1\" content=\"Tempo estimado de leitura\" \/>\n\t<meta name=\"twitter:data1\" content=\"5 minutos\" \/>\n<script type=\"application\/ld+json\" class=\"yoast-schema-graph\">{\"@context\":\"https:\/\/schema.org\",\"@graph\":[{\"@type\":\"WebPage\",\"@id\":\"https:\/\/sineldent.com\/pt-pt\/conhece-a-sineldent\/\",\"url\":\"https:\/\/sineldent.com\/pt-pt\/conhece-a-sineldent\/\",\"name\":\"SINELDENT\u00ae | Conhece a SINELDENT\u00ae\",\"isPartOf\":{\"@id\":\"https:\/\/sineldent.com\/#website\"},\"datePublished\":\"2018-01-10T17:49:02+00:00\",\"dateModified\":\"2020-10-06T15:27:05+00:00\",\"description\":\"Na SINELDENT\u00ae\ufe0f especializ\u00e1mo-nos na fabrica\u00e7\u00e3o de pr\u00f3teses dent\u00e1rias por CAD\/CAM desde a nossa funda\u00e7\u00e3o em 2009\",\"breadcrumb\":{\"@id\":\"https:\/\/sineldent.com\/pt-pt\/conhece-a-sineldent\/#breadcrumb\"},\"inLanguage\":\"pt-PT\",\"potentialAction\":[{\"@type\":\"ReadAction\",\"target\":[\"https:\/\/sineldent.com\/pt-pt\/conhece-a-sineldent\/\"]}]},{\"@type\":\"BreadcrumbList\",\"@id\":\"https:\/\/sineldent.com\/pt-pt\/conhece-a-sineldent\/#breadcrumb\",\"itemListElement\":[{\"@type\":\"ListItem\",\"position\":1,\"name\":\"Portada\",\"item\":\"https:\/\/sineldent.com\/pt-pt\/\"},{\"@type\":\"ListItem\",\"position\":2,\"name\":\"Conhece a SINELDENT\u00ae\"}]},{\"@type\":\"WebSite\",\"@id\":\"https:\/\/sineldent.com\/#website\",\"url\":\"https:\/\/sineldent.com\/\",\"name\":\"SINELDENT\u00ae\",\"description\":\"Fabricantes de sonrisas desde 2009\",\"publisher\":{\"@id\":\"https:\/\/sineldent.com\/#organization\"},\"potentialAction\":[{\"@type\":\"SearchAction\",\"target\":{\"@type\":\"EntryPoint\",\"urlTemplate\":\"https:\/\/sineldent.com\/?s={search_term_string}\"},\"query-input\":\"required name=search_term_string\"}],\"inLanguage\":\"pt-PT\"},{\"@type\":\"Organization\",\"@id\":\"https:\/\/sineldent.com\/#organization\",\"name\":\"SINELDENT\",\"url\":\"https:\/\/sineldent.com\/\",\"logo\":{\"@type\":\"ImageObject\",\"inLanguage\":\"pt-PT\",\"@id\":\"https:\/\/sineldent.com\/#\/schema\/logo\/image\/\",\"url\":\"https:\/\/sineldent.com\/wp-content\/uploads\/2020\/10\/logo-_fb.png\",\"contentUrl\":\"https:\/\/sineldent.com\/wp-content\/uploads\/2020\/10\/logo-_fb.png\",\"width\":1201,\"height\":631,\"caption\":\"SINELDENT\"},\"image\":{\"@id\":\"https:\/\/sineldent.com\/#\/schema\/logo\/image\/\"},\"sameAs\":[\"https:\/\/www.facebook.com\/sineldent\/\",\"https:\/\/www.instagram.com\/sineldent\/\",\"https:\/\/www.linkedin.com\/company\/sineldent\/\",\"https:\/\/www.youtube.com\/channel\/UCnTiyo871wm4bh5ysR3HQQw\"]}]}<\/script>\n<!-- \/ Yoast SEO plugin. -->","yoast_head_json":{"title":"SINELDENT\u00ae | Conhece a SINELDENT\u00ae","description":"Na SINELDENT\u00ae\ufe0f especializ\u00e1mo-nos na fabrica\u00e7\u00e3o de pr\u00f3teses dent\u00e1rias por CAD\/CAM desde a nossa funda\u00e7\u00e3o em 2009","robots":{"index":"index","follow":"follow","max-snippet":"max-snippet:-1","max-image-preview":"max-image-preview:large","max-video-preview":"max-video-preview:-1"},"canonical":"https:\/\/sineldent.com\/pt-pt\/conhece-a-sineldent\/","og_locale":"pt_PT","og_type":"article","og_title":"SINELDENT\u00ae | Conhece a SINELDENT\u00ae","og_description":"Na SINELDENT\u00ae\ufe0f especializ\u00e1mo-nos na fabrica\u00e7\u00e3o de pr\u00f3teses dent\u00e1rias por CAD\/CAM desde a nossa funda\u00e7\u00e3o em 2009","og_url":"https:\/\/sineldent.com\/pt-pt\/conhece-a-sineldent\/","og_site_name":"SINELDENT\u00ae","article_publisher":"https:\/\/www.facebook.com\/sineldent\/","article_modified_time":"2020-10-06T15:27:05+00:00","og_image":[{"width":1201,"height":631,"url":"https:\/\/sineldent.com\/wp-content\/uploads\/2020\/10\/logo-_fb.png","type":"image\/png"}],"twitter_card":"summary_large_image","twitter_title":"SINELDENT\u00ae | Conhece a SINELDENT\u00ae","twitter_description":"Na SINELDENT\u00ae\ufe0f especializ\u00e1mo-nos na fabrica\u00e7\u00e3o de pr\u00f3teses dent\u00e1rias por CAD\/CAM desde a nossa funda\u00e7\u00e3o em 2009","twitter_image":"https:\/\/sineldent.com\/wp-content\/uploads\/2020\/10\/logo_tw.png","twitter_misc":{"Tempo estimado de leitura":"5 minutos"},"schema":{"@context":"https:\/\/schema.org","@graph":[{"@type":"WebPage","@id":"https:\/\/sineldent.com\/pt-pt\/conhece-a-sineldent\/","url":"https:\/\/sineldent.com\/pt-pt\/conhece-a-sineldent\/","name":"SINELDENT\u00ae | Conhece a SINELDENT\u00ae","isPartOf":{"@id":"https:\/\/sineldent.com\/#website"},"datePublished":"2018-01-10T17:49:02+00:00","dateModified":"2020-10-06T15:27:05+00:00","description":"Na SINELDENT\u00ae\ufe0f especializ\u00e1mo-nos na fabrica\u00e7\u00e3o de pr\u00f3teses dent\u00e1rias por CAD\/CAM desde a nossa funda\u00e7\u00e3o em 2009","breadcrumb":{"@id":"https:\/\/sineldent.com\/pt-pt\/conhece-a-sineldent\/#breadcrumb"},"inLanguage":"pt-PT","potentialAction":[{"@type":"ReadAction","target":["https:\/\/sineldent.com\/pt-pt\/conhece-a-sineldent\/"]}]},{"@type":"BreadcrumbList","@id":"https:\/\/sineldent.com\/pt-pt\/conhece-a-sineldent\/#breadcrumb","itemListElement":[{"@type":"ListItem","position":1,"name":"Portada","item":"https:\/\/sineldent.com\/pt-pt\/"},{"@type":"ListItem","position":2,"name":"Conhece a SINELDENT\u00ae"}]},{"@type":"WebSite","@id":"https:\/\/sineldent.com\/#website","url":"https:\/\/sineldent.com\/","name":"SINELDENT\u00ae","description":"Fabricantes de sonrisas desde 2009","publisher":{"@id":"https:\/\/sineldent.com\/#organization"},"potentialAction":[{"@type":"SearchAction","target":{"@type":"EntryPoint","urlTemplate":"https:\/\/sineldent.com\/?s={search_term_string}"},"query-input":"required name=search_term_string"}],"inLanguage":"pt-PT"},{"@type":"Organization","@id":"https:\/\/sineldent.com\/#organization","name":"SINELDENT","url":"https:\/\/sineldent.com\/","logo":{"@type":"ImageObject","inLanguage":"pt-PT","@id":"https:\/\/sineldent.com\/#\/schema\/logo\/image\/","url":"https:\/\/sineldent.com\/wp-content\/uploads\/2020\/10\/logo-_fb.png","contentUrl":"https:\/\/sineldent.com\/wp-content\/uploads\/2020\/10\/logo-_fb.png","width":1201,"height":631,"caption":"SINELDENT"},"image":{"@id":"https:\/\/sineldent.com\/#\/schema\/logo\/image\/"},"sameAs":["https:\/\/www.facebook.com\/sineldent\/","https:\/\/www.instagram.com\/sineldent\/","https:\/\/www.linkedin.com\/company\/sineldent\/","https:\/\/www.youtube.com\/channel\/UCnTiyo871wm4bh5ysR3HQQw"]}]}},"_links":{"self":[{"href":"https:\/\/sineldent.com\/pt-pt\/wp-json\/wp\/v2\/pages\/1354","targetHints":{"allow":["GET"]}}],"collection":[{"href":"https:\/\/sineldent.com\/pt-pt\/wp-json\/wp\/v2\/pages"}],"about":[{"href":"https:\/\/sineldent.com\/pt-pt\/wp-json\/wp\/v2\/types\/page"}],"author":[{"embeddable":true,"href":"https:\/\/sineldent.com\/pt-pt\/wp-json\/wp\/v2\/users\/1"}],"replies":[{"embeddable":true,"href":"https:\/\/sineldent.com\/pt-pt\/wp-json\/wp\/v2\/comments?post=1354"}],"version-history":[{"count":9,"href":"https:\/\/sineldent.com\/pt-pt\/wp-json\/wp\/v2\/pages\/1354\/revisions"}],"predecessor-version":[{"id":8084,"href":"https:\/\/sineldent.com\/pt-pt\/wp-json\/wp\/v2\/pages\/1354\/revisions\/8084"}],"wp:attachment":[{"href":"https:\/\/sineldent.com\/pt-pt\/wp-json\/wp\/v2\/media?parent=1354"}],"curies":[{"name":"wp","href":"https:\/\/api.w.org\/{rel}","templated":true}]}}